{"id":379,"date":"2019-12-03T15:29:23","date_gmt":"2019-12-03T15:29:23","guid":{"rendered":"http:\/\/ari.ase.ro\/wp\/?page_id=379"},"modified":"2024-04-17T19:40:21","modified_gmt":"2024-04-17T16:40:21","slug":"ase-plus","status":"publish","type":"page","link":"https:\/\/ari.ase.ro\/?page_id=379","title":{"rendered":"ASEPLUS"},"content":{"rendered":"<p><strong>Titlul proiectului:<\/strong> Cre\u0219terea capacit\u0103\u021bii institu\u021bionale de sus\u021binere a cercet\u0103rii de excelen\u021b\u0103 din ASE prin crearea unui pol de cercetare avansat\u0103 conectat la direc\u021biile de cercetare prioritare din cadrul Uniunii Europene (ASEPLUS)<\/p>\n<p><strong>Domeniul vizat:\u00a0<\/strong>6: Sus\u021binerea cercet\u0103rii de excelen\u021b\u0103 din universit\u0103\u021bi<\/p>\n<p><strong>Obiectivele proiectului:\u00a0<\/strong><\/p>\n<p>Obiectivul principal al proiectului este sus\u021binerea cercet\u0103rii de excelen\u021b\u0103 din cadrul ASE prin activit\u0103\u021bile cercetare avansat\u0103, viz\u00e2nd identificarea \u0219i conectarea la noile direc\u021bii europene de cercetare, prin crearea unui pol de cercetare de relevan\u021b\u0103 interna\u021bional\u0103, ce va sprijini noi ini\u021biative de impact \u00een crearea de cunoa\u0219tere, \u00een acord cu nevoile societ\u0103\u021bii.<\/p>\n<p>OS1. Crearea unui pol de cercetare de relevan\u021b\u0103 interna\u021bional\u0103 pentru o conectare dinamic\u0103 la temele de cercetare prioritare din UE, printr-o evaluare \u0219i valorificare a poten\u021bialului de cercetare al ASE, o dezvoltare a capitalului intelectual al institu\u021biei \u0219i asigurarea inalienabilit\u0103\u021bii proiectelor de cercetare<\/p>\n<p>OS2. Identificarea \u0219i conectarea la trei re\u021bele interna\u021bionale de cercetare \u00een domeniul socio-economic ca suport pentru activit\u0103\u021bile de excelen\u021b\u0103 \u00een cercetare ale ASE<\/p>\n<p>OS3. Identificarea nevoilor de cercetare de excelen\u021b\u0103 din ASE \u0219i racordarea la direc\u021biile de cercetare din H2020 pentru sus\u021binerea unui mediu de cercetare stimulativ<\/p>\n<p>OS4. Modernizarea platformei de cercetare adaptat\u0103 la nevoile actuale, prin asigurarea func\u021bion\u0103rii \u0219i dezvolt\u0103rii infrastructurii CDI din ASE \u00een scopul eficientiz\u0103rii managementului rezultatelor CDI<\/p>\n<p>OS5. Organizarea Zilelor Deschise ale cercet\u0103rii de excelen\u021b\u0103, pentru o mai bun\u0103 cunoa\u0219tere a caracteristicilor activit\u0103\u021bii de cercetare din ASE, a rezultatelor ob\u021binute, dar \u0219i a direc\u021biilor strategice viitoare<\/p>\n<p><strong>Rezultate\/indicatori:<\/strong><\/p>\n<p><a href=\"http:\/\/ari.ase.ro\/wp\/wp-content\/uploads\/2019\/12\/Metodologie_premiere_ASEPLUS_2019.pdf\">A2.2 Metodologie privind premierea rezultatelor \u0219tiin\u021bifice cu impact semnificativ la nivel academic \u0219i aplicativ \u00een cadrul proiectului FDI \u201eCre\u0219terea capacit\u0103\u021bii institu\u021bionale de sus\u021binere a cercet\u0103rii de excelen\u021b\u0103 din ASE prin crearea unui pol de cercetare avansat\u0103 conectat la direc\u021biile de cercetare prioritare din cadrul UE\u201d<\/a><\/p>\n<p><a href=\"http:\/\/ari.ase.ro\/wp\/proiecte-europene\/ase-plus\/comisia-de-selectie-si-de-contestatie-premiere_aseplus\/\" rel=\"attachment wp-att-399\">Componen\u021ba comisiei de selec\u021bie \u0219i a comisiei de contesta\u021bie privind selec\u021bia candida\u021bilor \u00een vederea acord\u0103rii premiilor \u00een cadrul proiectului CNFIS-FDI-2019-0210<\/a><\/p>\n<p><a href=\"http:\/\/ari.ase.ro\/wp\/proiecte-europene\/ase-plus\/proces-verbal_premii\/\" rel=\"attachment wp-att-401\">Rezultate intermediare la concursul de premiere al cercet\u0103rilor \u0219tiin\u021bifice cu impact semnificativ la nivel academic<\/a><\/p>\n<p><a href=\"http:\/\/ari.ase.ro\/wp\/proiecte-europene\/ase-plus\/proces-verbal_premii-1\/\" rel=\"attachment wp-att-403\">Rezultate finale ale concursului de premiere al cercet\u0103rilor \u0219tiin\u021bifice cu impact semnificativ la nivel academic<\/a><\/p>\n","protected":false},"excerpt":{"rendered":"<p>Titlul proiectului: Cre\u0219terea capacit\u0103\u021bii institu\u021bionale de sus\u021binere a cercet\u0103rii&#8230;<\/p>\n","protected":false},"author":5,"featured_media":0,"parent":18,"menu_order":0,"comment_status":"closed","ping_status":"closed","template":"","meta":{"footnotes":""},"class_list":["post-379","page","type-page","status-publish","hentry"],"_links":{"self":[{"href":"https:\/\/ari.ase.ro\/index.php?rest_route=\/wp\/v2\/pages\/379","targetHints":{"allow":["GET"]}}],"collection":[{"href":"https:\/\/ari.ase.ro\/index.php?rest_route=\/wp\/v2\/pages"}],"about":[{"href":"https:\/\/ari.ase.ro\/index.php?rest_route=\/wp\/v2\/types\/page"}],"author":[{"embeddable":true,"href":"https:\/\/ari.ase.ro\/index.php?rest_route=\/wp\/v2\/users\/5"}],"replies":[{"embeddable":true,"href":"https:\/\/ari.ase.ro\/index.php?rest_route=%2Fwp%2Fv2%2Fcomments&post=379"}],"version-history":[{"count":0,"href":"https:\/\/ari.ase.ro\/index.php?rest_route=\/wp\/v2\/pages\/379\/revisions"}],"up":[{"embeddable":true,"href":"https:\/\/ari.ase.ro\/index.php?rest_route=\/wp\/v2\/pages\/18"}],"wp:attachment":[{"href":"https:\/\/ari.ase.ro\/index.php?rest_route=%2Fwp%2Fv2%2Fmedia&parent=379"}],"curies":[{"name":"wp","href":"https:\/\/api.w.org\/{rel}","templated":true}]}}