{"id":32,"date":"2018-04-30T08:38:43","date_gmt":"2018-04-30T08:38:43","guid":{"rendered":"http:\/\/ari.ase.ro\/wp\/?page_id=32"},"modified":"2024-04-01T06:47:38","modified_gmt":"2024-04-01T06:47:38","slug":"reviste","status":"publish","type":"page","link":"https:\/\/ari.ase.ro\/?page_id=32","title":{"rendered":"Reviste"},"content":{"rendered":"<ul>\n<li><strong><a href=\"http:\/\/www.ramp.ase.ro\/en\/\">Administratie si Management Public<\/a> <\/strong><\/li>\n<li><a href=\"http:\/\/www.amfiteatrueconomic.ro\/Home_Ro.aspx\"><strong>Amfiteatru Economic<\/strong><\/a><\/li>\n<li><strong>Buletin bibliographic<\/strong><\/li>\n<li><strong>Buletin de analize al Centrului de Cercetari Financiar-Monetare<\/strong><\/li>\n<li><a href=\"http:\/\/beman.ase.ro\/\"><strong>Business Excellence and Management<\/strong><\/a><\/li>\n<\/ul>\n<ul>\n<li><a href=\"http:\/\/www.cactus-journal-of-tourism.ase.ro\/\"><strong>CACTUS \u2013 The Tourism Journal for Research, Education, Culture and Soul<\/strong><\/a><strong>\u00a0<\/strong><\/li>\n<li><strong>CCREI Working Papers Series<\/strong><\/li>\n<li><a href=\"http:\/\/jamis.ase.ro\/\"><strong>Contabilitate \u015fi Informatic\u0103 de Gestiune \/ Accounting and Management Information Systems<\/strong><\/a><strong>\u00a0<\/strong><\/li>\n<\/ul>\n<ul>\n<li><a href=\"http:\/\/www.dbjournal.ro\/\"><strong>DATABASE SYSTEMS JOURNAL<\/strong><\/a><strong>\u00a0<\/strong><\/li>\n<li><strong>Dialogos<\/strong><\/li>\n<li><a href=\"http:\/\/www.economyinformatics.ase.ro\/\"><strong>Economy Informatics<\/strong><\/a><strong>\u00a0<\/strong><\/li>\n<\/ul>\n<ul>\n<li><a href=\"http:\/\/www.ejist.ro\/\"><strong>European Journal of Interdisciplinary Studies<\/strong><\/a><strong>\u00a0<\/strong><\/li>\n<\/ul>\n<ul>\n<li><a href=\"http:\/\/revistaie.ase.ro\/\"><strong>Informatic\u0103 Economic\u0103<\/strong><\/a><\/li>\n<\/ul>\n<ul>\n<li><a href=\"http:\/\/www.ecocyb.ase.ro\/\"><strong>Journal of ECONOMIC COMPUTATION AND ECONOMIC CYBERNETICS STUDIES AND RESEARCH<\/strong><\/a><\/li>\n<\/ul>\n<ul>\n<li><a href=\"http:\/\/www.jses.ase.ro\/\"><strong>Journal of Social and Economic Statistics (JSES)<\/strong><\/a><\/li>\n<\/ul>\n<ul>\n<li><a href=\"http:\/\/mer.ase.ro\/\"><strong>Management and Economics Review (MER)<\/strong><\/a><\/li>\n<\/ul>\n<ul>\n<li><a href=\"http:\/\/mrp.ase.ro\/\"><strong>Management Reseach and Practice (MRP)<\/strong><\/a><\/li>\n<\/ul>\n<ul>\n<li><a href=\"http:\/\/www.marathon.ase.ro\/\"><strong>MARATHON &#8211; Revista \u015ftiin\u0163elor motricit\u0103\u0163ii umane<\/strong><\/a><\/li>\n<\/ul>\n<ul>\n<li><a href=\"http:\/\/rfb.ase.ro\/\"><strong>Review of Finance and Banking (RFB)<\/strong><\/a><\/li>\n<\/ul>\n<ul>\n<li><a href=\"http:\/\/www.rmci.ase.ro\/\"><strong>Revista de Management Comparat International<\/strong><\/a><\/li>\n<\/ul>\n<ul>\n<li><strong>Romanian \u2013 Russian Journal of Scientific Research in Economics<\/strong><\/li>\n<li><a href=\"http:\/\/www.rejournal.eu\/\"><strong>Romanian Economic Journal<\/strong><\/a><\/li>\n<\/ul>\n<ul>\n<li><a href=\"http:\/\/www.rjfp.ro\/\"><strong>Romanian Journal of Fiscal Policy (RJFP)<\/strong><\/a><\/li>\n<\/ul>\n<ul>\n<li><a href=\"http:\/\/www.revcib.ase.ro\/\"><strong>Studii \u015fi Cercet\u0103ri de Calcul Economic \u015fi Cibernetic\u0103 Economic\u0103<\/strong><\/a><\/li>\n<\/ul>\n<ul>\n<li><a href=\"http:\/\/synergy.ase.ro\/\"><strong>Synergy<\/strong><\/a><\/li>\n<\/ul>\n<ul>\n<li><a href=\"http:\/\/www.um.ase.ro\/\"><strong>Theoretical and Empirical Researches in Urban Management (TERUM)<\/strong><\/a><\/li>\n<\/ul>\n<ul>\n<li><a href=\"http:\/\/www.tribunajuridica.eu\/\"><strong>Tribuna juridic\u0103 \/ Juridical Tribune<\/strong><\/a><\/li>\n<\/ul>\n<p>&nbsp;<\/p>\n","protected":false},"excerpt":{"rendered":"<p>Administratie si Management Public Amfiteatru Economic Buletin bibliographic Buletin&#8230;<\/p>\n","protected":false},"author":5,"featured_media":0,"parent":0,"menu_order":0,"comment_status":"closed","ping_status":"closed","template":"","meta":{"footnotes":""},"class_list":["post-32","page","type-page","status-publish","hentry"],"_links":{"self":[{"href":"https:\/\/ari.ase.ro\/index.php?rest_route=\/wp\/v2\/pages\/32","targetHints":{"allow":["GET"]}}],"collection":[{"href":"https:\/\/ari.ase.ro\/index.php?rest_route=\/wp\/v2\/pages"}],"about":[{"href":"https:\/\/ari.ase.ro\/index.php?rest_route=\/wp\/v2\/types\/page"}],"author":[{"embeddable":true,"href":"https:\/\/ari.ase.ro\/index.php?rest_route=\/wp\/v2\/users\/5"}],"replies":[{"embeddable":true,"href":"https:\/\/ari.ase.ro\/index.php?rest_route=%2Fwp%2Fv2%2Fcomments&post=32"}],"version-history":[{"count":0,"href":"https:\/\/ari.ase.ro\/index.php?rest_route=\/wp\/v2\/pages\/32\/revisions"}],"wp:attachment":[{"href":"https:\/\/ari.ase.ro\/index.php?rest_route=%2Fwp%2Fv2%2Fmedia&parent=32"}],"curies":[{"name":"wp","href":"https:\/\/api.w.org\/{rel}","templated":true}]}}