{"id":2093,"date":"2024-06-24T17:12:02","date_gmt":"2024-06-24T14:12:02","guid":{"rendered":"https:\/\/ari.ase.ro\/?page_id=2093"},"modified":"2024-06-24T17:18:41","modified_gmt":"2024-06-24T14:18:41","slug":"sesiune-de-instruire-making-econometrics-matter-to-business-how-to-get-leaders-to-use-data-for-decision-making","status":"publish","type":"page","link":"https:\/\/ari.ase.ro\/?page_id=2093","title":{"rendered":"Sesiune de instruire: \u201c Making econometrics matter to business: how to get leaders to use . data for decision-making?\u201d"},"content":{"rendered":"<p style=\"text-align: justify;\"><strong>Institutul de Cercet\u0103ri Avansate al Academiei de Studii Economice din Bucure\u015fti <\/strong>a organizat \u00een data de 19 octombrie 2023, ora 12:00 \u00een cadrul proiectului: <em>\u201eCre\u0219terea performan\u021bei institu\u021bionale prin dezvoltarea infrastructurii \u0219i ecosistemului de cercetare de excelen\u021b\u0103 transdisciplinar\u0103 \u00een domeniul socio-economic\u201d,Finan\u021bat de Ministerul Cercet\u0103rii, Inov\u0103rii \u0219i Digitaliz\u0103rii, Contract nr.% 42PFE\/30.12.2021<\/em>, sesiunea de instruire &#8220;<strong>MAKING ECONOMETRICS MATTER TO BUSINESS: HOW TO GET LEADERS TO USE DATA FOR DECISION-MAKING?&#8221;, eveniment al Laboratorului de Data Science cu Aplica\u021bii \u00een Business \u0219i Economie.<\/strong><\/p>\n<p><a href=\"https:\/\/ari.ase.ro\/?attachment_id=2097\" rel=\"attachment wp-att-2097\"><img loading=\"lazy\" decoding=\"async\" class=\"alignnone wp-image-2097\" src=\"http:\/\/ari.ase.ro\/wp-content\/uploads\/2024\/06\/Picture17-1-181x300.png\" alt=\"\" width=\"169\" height=\"280\" srcset=\"https:\/\/ari.ase.ro\/wp-content\/uploads\/2024\/06\/Picture17-1-181x300.png 181w, https:\/\/ari.ase.ro\/wp-content\/uploads\/2024\/06\/Picture17-1.png 272w\" sizes=\"auto, (max-width: 169px) 100vw, 169px\" \/><\/a><a href=\"https:\/\/ari.ase.ro\/?attachment_id=2095\" rel=\"attachment wp-att-2095\"><img loading=\"lazy\" decoding=\"async\" class=\"alignnone wp-image-2095\" src=\"http:\/\/ari.ase.ro\/wp-content\/uploads\/2024\/06\/Picture19-1-300x236.png\" alt=\"\" width=\"359\" height=\"282\" srcset=\"https:\/\/ari.ase.ro\/wp-content\/uploads\/2024\/06\/Picture19-1-300x236.png 300w, https:\/\/ari.ase.ro\/wp-content\/uploads\/2024\/06\/Picture19-1.png 508w\" sizes=\"auto, (max-width: 359px) 100vw, 359px\" \/><\/a><a href=\"https:\/\/ari.ase.ro\/?attachment_id=2096\" rel=\"attachment wp-att-2096\"><img loading=\"lazy\" decoding=\"async\" class=\"alignnone wp-image-2096\" src=\"http:\/\/ari.ase.ro\/wp-content\/uploads\/2024\/06\/Picture18-2-300x276.png\" alt=\"\" width=\"315\" height=\"290\" srcset=\"https:\/\/ari.ase.ro\/wp-content\/uploads\/2024\/06\/Picture18-2-300x276.png 300w, https:\/\/ari.ase.ro\/wp-content\/uploads\/2024\/06\/Picture18-2.png 438w\" sizes=\"auto, (max-width: 315px) 100vw, 315px\" \/><\/a><a href=\"https:\/\/ari.ase.ro\/?attachment_id=2094\" rel=\"attachment wp-att-2094\"><img loading=\"lazy\" decoding=\"async\" class=\"alignnone wp-image-2094\" src=\"http:\/\/ari.ase.ro\/wp-content\/uploads\/2024\/06\/Picture20-2-300x135.png\" alt=\"\" width=\"845\" height=\"380\" srcset=\"https:\/\/ari.ase.ro\/wp-content\/uploads\/2024\/06\/Picture20-2-300x135.png 300w, https:\/\/ari.ase.ro\/wp-content\/uploads\/2024\/06\/Picture20-2-768x345.png 768w, https:\/\/ari.ase.ro\/wp-content\/uploads\/2024\/06\/Picture20-2.png 945w\" sizes=\"auto, (max-width: 845px) 100vw, 845px\" \/><\/a><\/p>\n<p style=\"text-align: justify;\">Invita\u021bii speciali au fost <strong>Chris Tatham (CEO, ETC Institute) \u0219i Christian Tatham (Director of Research and Development, ETC Institute). <\/strong>ETC Institute o companie de cercet\u0103ri de pia\u021b\u0103a din Statele Unite ce a intervievat peste 3 milioane de persoane \u00een 1.000 de ora\u0219e din 2010 p\u00e2n\u0103 \u00een prezent.<\/p>\n<p style=\"text-align: justify;\">Obiectivul principal al sesiunii a fost de a echipa viitorii speciali\u0219ti \u00een domeniu cu cuno\u0219tin\u021bele esen\u021biale \u0219i competen\u021bele practice pentru a exploata la maximum poten\u021bialul econometriei, construind o punte solid\u0103 \u00eentre matematic\u0103, economie \u0219i universul afacerilor, \u0219i promov\u00e2nd luarea deciziilor \u00eentr-un cadru bine fundamentat pe analiza datelor.<\/p>\n<p style=\"text-align: justify;\">Grupul \u021bint\u0103: Studen\u021bi, masteranzi, doctoranzi, cercet\u0103tori \u0219i profesioni\u0219ti activi \u00een domeniul \u0219tiin\u021belor datelor \u0219i al disciplinelor conexe. De asemenea, sesiunea se adreseaz\u0103 exper\u021bilor care sunt \u00een c\u0103utarea unor metode avansate pentru a \u00eembog\u0103\u021bi \u0219i optimiza procesul lor decizional prin interpret\u0103ri bazate pe date riguroase.<\/p>\n<p style=\"text-align: justify;\"><em>Moderatorul sesiunii a fost prof.univ.dr. Adriana AnaMaria Davidescu, coordonatorul stiintific al Laboratorului <\/em>de Statistica si Data Science cu Aplica\u021bii \u00een Business \u0219i Economie \u0219i profesor \u00een cadrul Departamentului de Statistic\u0103 \u0219i Econometrie.<\/p>\n<p style=\"text-align: justify;\">Temele discutate \u00een cadrul dezbaterii au cuprins o palet\u0103 divers\u0103 \u0219i actual\u0103 de subiecte, printre care:<\/p>\n<ul>\n<li style=\"text-align: justify;\">Big Data: explorarea \u0219i gestionarea seturilor mari de date.<\/li>\n<li style=\"text-align: justify;\">Web mining\/scraping: tehnici de extragere \u0219i procesare a datelor din web.<\/li>\n<li style=\"text-align: justify;\">Vizualizarea datelor: metode \u0219i instrumente pentru reprezentarea grafic\u0103 a informa\u021biilor.<\/li>\n<li style=\"text-align: justify;\">Power BI \u0219i alte platforme de specialitate: instrumente avansate pentru analiza \u0219i reprezentarea vizual\u0103 a datelor.<\/li>\n<li style=\"text-align: justify;\">Geocodare (GIS): tehnologii de cartografiere \u0219i analiz\u0103 spa\u021bial\u0103.<\/li>\n<li style=\"text-align: justify;\">Analiza de sentiment: interpretarea emo\u021bional\u0103 \u0219i tonalit\u0103\u021bii textelor.<\/li>\n<li style=\"text-align: justify;\">Metode de \u00eenv\u0103\u021bare automat\u0103: explorarea tehnicilor supervizate \u0219i nesupervizate pentru modelarea \u0219i predic\u021bia datelor.<\/li>\n<li style=\"text-align: justify;\">Programare \u0219i codare: familiarizarea cu limbaje precum Python, R \u0219i altele, esen\u021biale \u00een analiza datelor moderne.<\/li>\n<\/ul>\n","protected":false},"excerpt":{"rendered":"<p>Institutul de Cercet\u0103ri Avansate al Academiei de Studii Economice&#8230;<\/p>\n","protected":false},"author":5,"featured_media":0,"parent":0,"menu_order":0,"comment_status":"closed","ping_status":"closed","template":"","meta":{"footnotes":""},"class_list":["post-2093","page","type-page","status-publish","hentry"],"_links":{"self":[{"href":"https:\/\/ari.ase.ro\/index.php?rest_route=\/wp\/v2\/pages\/2093","targetHints":{"allow":["GET"]}}],"collection":[{"href":"https:\/\/ari.ase.ro\/index.php?rest_route=\/wp\/v2\/pages"}],"about":[{"href":"https:\/\/ari.ase.ro\/index.php?rest_route=\/wp\/v2\/types\/page"}],"author":[{"embeddable":true,"href":"https:\/\/ari.ase.ro\/index.php?rest_route=\/wp\/v2\/users\/5"}],"replies":[{"embeddable":true,"href":"https:\/\/ari.ase.ro\/index.php?rest_route=%2Fwp%2Fv2%2Fcomments&post=2093"}],"version-history":[{"count":0,"href":"https:\/\/ari.ase.ro\/index.php?rest_route=\/wp\/v2\/pages\/2093\/revisions"}],"wp:attachment":[{"href":"https:\/\/ari.ase.ro\/index.php?rest_route=%2Fwp%2Fv2%2Fmedia&parent=2093"}],"curies":[{"name":"wp","href":"https:\/\/api.w.org\/{rel}","templated":true}]}}