{"id":2032,"date":"2024-06-24T16:29:27","date_gmt":"2024-06-24T13:29:27","guid":{"rendered":"https:\/\/ari.ase.ro\/?page_id=2032"},"modified":"2024-06-24T16:34:11","modified_gmt":"2024-06-24T13:34:11","slug":"workshop-dezvoltarea-durabila-in-romania-sustenabilitate-si-bazele-economiei-circulare","status":"publish","type":"page","link":"https:\/\/ari.ase.ro\/?page_id=2032","title":{"rendered":"Workshop \u201eDezvoltarea Durabil\u0103 \u00een Rom\u00e2nia , Sustenabilitate \u0219i Bazele Economiei Circulare\u201d"},"content":{"rendered":"<p style=\"text-align: justify;\"><strong><u>Workshop<\/u> <\/strong>cu titlul<strong> \u201eDezvoltarea Durabil\u0103 \u00een Rom\u00e2nia , Sustenabilitate \u0219i Bazele Economiei Circulare\u201d, <\/strong>desf\u0103\u0219urat<strong> luni, 8 mai 2023, ora 10:30, sala Aula Magna.<\/strong> Workshop-ul a fost sus\u021binut de<strong> dna Gemma Webb <\/strong>(Pre\u0219edinte Returo Sistem Garan\u021bie Returnare S.A.) \u015fi moderat de <strong>prof. univ. dr. Carmen Tric\u0103 (ASE Bucure\u0219ti)<\/strong> <strong>Workshopul a avut peste 60 de participanti <\/strong>(a se vedea lista de prezen\u021b\u0103).<\/p>\n<p style=\"text-align: justify;\">Accenture Rom\u00e2nia\u00a0 \u00een parteneriat cu Facultatea de Economie Agroalimentar\u0103 \u0219i a Mediului din cadrul Academiei de Studii Economice din Bucure\u0219ti a organizat, \u00een data de 08.05.2023, ora 10,30 \u00een corela\u021bie cu obiectivele \u0219i activit\u0103\u021bile planificate ale proiectului ,,<strong>Cre\u0219terea performan\u021bei institu\u021bionale prin dezvoltarea infrastructurii \u0219i ecosistemului de cercetare de excelen\u021b\u0103 transdisciplinar\u0103 \u00een domeniul socio-economic (PERFECTIS)\u201dPFE-CDI_ID_585, <\/strong>workshop-ul cu tema \u201cDezvoltarea Durabil\u0103 \u00een Rom\u00e2nia , Sustenabilitate \u0219i Bazele Economiei Circulare\u201d<\/p>\n<p style=\"text-align: justify;\">Dezbaterile \u00een cadrul Workshop-ului ,, Dezvoltarea Durabil\u0103 \u00een Rom\u00e2nia , Sustenabilitate \u0219i Bazele Economiei Circulare\u201d s-au axat pe urm\u0103toarele aspecte:<\/p>\n<ol style=\"text-align: justify;\">\n<li>Care este scopul sistemului de garan\u021bie returnare(SGR)?<\/li>\n<\/ol>\n<p style=\"text-align: justify;\">Scopul acestui sistem este de a colecta din pia\u021b\u0103 \u0219i de a introduce ambalajele \u00eentr-o economie circular\u0103, ajut\u00e2nd Rom\u00e2nia s\u0103 ating\u0103 \u021bintele na\u021bionale de colectare \u0219i reciclare stabilite la nivel european. Acestea cer ca p\u00e2n\u0103 \u00een anul 2025 s\u0103 se colecteze 77% din PET-urile puse pe pia\u021b\u0103, iar p\u00e2n\u0103 \u00een anul 2029 &#8211; 90%. De asemenea, sistemul va ajuta la atingerea \u0219i chiar dep\u0103\u0219irea noilor \u021binte de colectare \u0219i reciclare pentru restul tipurilor de materiale, \u0219i anume 75% pentru sticl\u0103 \u0219i 60% aluminiu, \u00eencep\u00e2nd cu anul 2030.<\/p>\n<p style=\"text-align: justify;\">2. Care sunt beneficiile sistemului de garan\u021bie-returnare (SGR )?<\/p>\n<p style=\"text-align: justify;\">\u00cen primul r\u00e2nd, sistemul de garan\u021bie-returnare va contribui la protejarea mediului \u00eenconjur\u0103tor, ambalajele colectate prin SGR fiind redirec\u021bionate de la groapa de gunoi sau din natur\u0103. Astfel, ele vor fi introduse \u00eentr-o economie cu adev\u0103rat circular\u0103, iar at\u00e2t noi, c\u00e2t \u0219i genera\u021biile viitoare, vom reu\u0219i s\u0103 ne bucur\u0103m de un mediu mai curat \u0219i mai verde.<\/p>\n<p style=\"text-align: justify;\">Pe l\u00e2ng\u0103 aceste beneficii, SGR reprezint\u0103 un instrument care poate cre\u0219te \u021bintele de colectare a de\u0219eurilor de ambalaje de b\u0103uturi \u0219i poate ajuta Rom\u00e2nia s\u0103 ating\u0103 obiectivele noilor reglement\u0103ri europene care impun procente ridicate. \u021ainta de colectare a plasticului impus\u0103 este de 77% p\u00e2n\u0103 \u00een 2025 \u0219i de 90% p\u00e2n\u0103 \u00een 2029. \u00cen plus, SGR va oferi produc\u0103torilor acces la rPET (ambalaje din pet reciclat) \u0219i reprezint\u0103 o solu\u021bie prin care ace\u0219tia pot atinge \u021bintele de 25% p\u00e2n\u0103 \u00een 2025 \u0219i 30% p\u00e2n\u0103 \u00een 2030 de ambalaje realizate din materiale reciclate.<\/p>\n<p style=\"text-align: justify;\">3. Care va fi valoarea garan\u021biei pl\u0103tite la raft?<\/p>\n<p style=\"text-align: justify;\">Sistemul de garan\u021bie-returnare este unul cu totul nou pentru consumatorii rom\u00e2ni. Fiind un sistem nou, consumatorul trebuie s\u0103 se obi\u0219nuiasc\u0103 cu acesta, astfel c\u0103 \u00een primii 2-3 ani, garan\u021bia ar trebui s\u0103 r\u0103m\u00e2n\u0103 la o valoare fix\u0103.<\/p>\n<p style=\"text-align: justify;\">Astfel, garan\u021bia a fost setat\u0103 \u00een mod uniform la 0.50 RON, indiferent de tipul ambalajului sau con\u021binutul acestuia. Valoarea a fost aleas\u0103 astfel \u00eenc\u00e2t s\u0103 fie suficient de mare pentru a motiva consumatorul s\u0103 returneze ambalajele, dar suficient de mic\u0103 pentru a nu fi perceput\u0103 ca o majorare semnificativ\u0103 a pre\u021bului. O valoare unitar\u0103 asigur\u0103 simplitate, cel pu\u021bin in faza ini\u021bial\u0103 a sistemului, fiind dificil s\u0103 oper\u0103m cu mai multe valori, dar valoarea garan\u021biei poate fi ajustat\u0103 \u00een timp, odat\u0103 ce consumatorii se acomodeaz\u0103 cu sistemul.<\/p>\n<p><a href=\"https:\/\/ari.ase.ro\/?attachment_id=2037\" rel=\"attachment wp-att-2037\"><img loading=\"lazy\" decoding=\"async\" class=\"alignnone wp-image-2037\" src=\"http:\/\/ari.ase.ro\/wp-content\/uploads\/2024\/06\/Picture10-1-300x173.jpg\" alt=\"\" width=\"337\" height=\"194\" srcset=\"https:\/\/ari.ase.ro\/wp-content\/uploads\/2024\/06\/Picture10-1-300x173.jpg 300w, https:\/\/ari.ase.ro\/wp-content\/uploads\/2024\/06\/Picture10-1.jpg 624w\" sizes=\"auto, (max-width: 337px) 100vw, 337px\" \/><\/a> <a href=\"https:\/\/ari.ase.ro\/?attachment_id=2038\" rel=\"attachment wp-att-2038\"><img loading=\"lazy\" decoding=\"async\" class=\"alignnone wp-image-2038\" src=\"http:\/\/ari.ase.ro\/wp-content\/uploads\/2024\/06\/Picture9-1-300x162.jpg\" alt=\"\" width=\"360\" height=\"194\" srcset=\"https:\/\/ari.ase.ro\/wp-content\/uploads\/2024\/06\/Picture9-1-300x162.jpg 300w, https:\/\/ari.ase.ro\/wp-content\/uploads\/2024\/06\/Picture9-1.jpg 726w\" sizes=\"auto, (max-width: 360px) 100vw, 360px\" \/><\/a> <a href=\"https:\/\/ari.ase.ro\/?attachment_id=2039\" rel=\"attachment wp-att-2039\"><img loading=\"lazy\" decoding=\"async\" class=\"alignnone size-medium wp-image-2039\" src=\"http:\/\/ari.ase.ro\/wp-content\/uploads\/2024\/06\/Picture8-1-300x193.jpg\" alt=\"\" width=\"300\" height=\"193\" srcset=\"https:\/\/ari.ase.ro\/wp-content\/uploads\/2024\/06\/Picture8-1-300x193.jpg 300w, https:\/\/ari.ase.ro\/wp-content\/uploads\/2024\/06\/Picture8-1.jpg 617w\" sizes=\"auto, (max-width: 300px) 100vw, 300px\" \/><\/a><\/p>\n<p style=\"text-align: justify;\">4. Unde vor putea fi returnate ambalajele?<\/p>\n<p style=\"text-align: justify;\">Dup\u0103 golirea ambalajului, consumatorul \u00eel va putea returna \u00een orice punct special amenajat de c\u0103tre comercian\u021bi, adic\u0103 \u00een orice magazin din Rom\u00e2nia. \u00cen schimbul ambalajului gol, consumatorul va primi valoarea garan\u021biei pl\u0103tite ini\u021bial, f\u0103r\u0103 a fi nevoie ca acesta s\u0103 prezinte bonul fiscal sau s\u0103 returneze produsul \u00een magazinul din care a fost ini\u021bial achizi\u021bionat. De asemenea, comercian\u021bii vor avea libertatea de a decide asupra tipului de colectare: automat sau manual, \u00een func\u021bie de fluxul de consumatori al fiec\u0103ruia.<\/p>\n<p style=\"text-align: justify;\">5. Ce se va \u00eent\u00e2mpla cu ambalajele odat\u0103 ce sunt colectate?<\/p>\n<p style=\"text-align: justify;\">Centrele de colectare vor fi organizate de to\u021bi comercian\u021bii indiferent de m\u0103rimea acestora. Ei vor avea obliga\u021bia de a organiza c\u00e2te un punct de returnare unde consumatorii vor putea aduce ambalajele, \u00eens\u0103 colectarea ambalajelor nu trebuie s\u0103 blocheze activitatea de baz\u0103 a comerciantului. Dup\u0103 colectarea ambalajelor, administratorul sistemului de garan\u021bie-returnare va avea obliga\u021bia de a organiza un sistem eficient, care s\u0103 preia c\u00e2t mai repede ambalajele goale, astfel \u00eenc\u00e2t s\u0103 nu permit\u0103 aglomerarea spa\u021biilor \u00een care comerciantul le va depozita. Implementarea SGR va ajuta la dezvoltarea pie\u021bei de reciclare, reciclatorii av\u00e2nd acces la materie prim\u0103 de calitate pentru reciclare. Astfel, produc\u0103torii vor avea acces mai u\u0219or la rPET de calitate.<\/p>\n<p style=\"text-align: justify;\">6. Care sunt urm\u0103torii pa\u0219i necesari pentru implementarea opera\u021bional\u0103 a sistemului?<\/p>\n<p style=\"text-align: justify;\">De asemenea, s-a discutat despre oportunit\u0103\u021bile de carier\u0103 din domeniul sustenabilit\u0103\u021bii, c\u00e2t de important\u0103 este dezvoltarea pe termen lung \u0219i care este contribu\u021bia tinerilor \u00een domeniul economiei circulare.<\/p>\n<p><a href=\"https:\/\/ari.ase.ro\/?attachment_id=2041\" rel=\"attachment wp-att-2041\"><img loading=\"lazy\" decoding=\"async\" class=\"alignnone wp-image-2041\" src=\"http:\/\/ari.ase.ro\/wp-content\/uploads\/2024\/06\/Picture11-300x179.jpg\" alt=\"\" width=\"592\" height=\"353\" srcset=\"https:\/\/ari.ase.ro\/wp-content\/uploads\/2024\/06\/Picture11-300x179.jpg 300w, https:\/\/ari.ase.ro\/wp-content\/uploads\/2024\/06\/Picture11.jpg 624w\" sizes=\"auto, (max-width: 592px) 100vw, 592px\" \/><\/a><\/p>\n","protected":false},"excerpt":{"rendered":"<p>Workshop cu titlul \u201eDezvoltarea Durabil\u0103 \u00een Rom\u00e2nia , Sustenabilitate&#8230;<\/p>\n","protected":false},"author":5,"featured_media":0,"parent":0,"menu_order":0,"comment_status":"closed","ping_status":"closed","template":"","meta":{"footnotes":""},"class_list":["post-2032","page","type-page","status-publish","hentry"],"_links":{"self":[{"href":"https:\/\/ari.ase.ro\/index.php?rest_route=\/wp\/v2\/pages\/2032","targetHints":{"allow":["GET"]}}],"collection":[{"href":"https:\/\/ari.ase.ro\/index.php?rest_route=\/wp\/v2\/pages"}],"about":[{"href":"https:\/\/ari.ase.ro\/index.php?rest_route=\/wp\/v2\/types\/page"}],"author":[{"embeddable":true,"href":"https:\/\/ari.ase.ro\/index.php?rest_route=\/wp\/v2\/users\/5"}],"replies":[{"embeddable":true,"href":"https:\/\/ari.ase.ro\/index.php?rest_route=%2Fwp%2Fv2%2Fcomments&post=2032"}],"version-history":[{"count":0,"href":"https:\/\/ari.ase.ro\/index.php?rest_route=\/wp\/v2\/pages\/2032\/revisions"}],"wp:attachment":[{"href":"https:\/\/ari.ase.ro\/index.php?rest_route=%2Fwp%2Fv2%2Fmedia&parent=2032"}],"curies":[{"name":"wp","href":"https:\/\/api.w.org\/{rel}","templated":true}]}}