{"id":1924,"date":"2024-06-23T23:27:57","date_gmt":"2024-06-23T20:27:57","guid":{"rendered":"https:\/\/ari.ase.ro\/?page_id=1924"},"modified":"2024-06-23T23:32:03","modified_gmt":"2024-06-23T20:32:03","slug":"laboratorul-de-economie-experimentala","status":"publish","type":"page","link":"https:\/\/ari.ase.ro\/?page_id=1924","title":{"rendered":"Laboratorul de Economie experimental\u0103"},"content":{"rendered":"<p>Testarea valabilit\u0103\u021bii teoriilor economice pentru diferite situa\u021bii din economia real\u0103 \u0219i arbitrarea deciziilor oportune, Investigarea \u0219i explicarea\u00a0 situa\u021biilor de abatere de la teoria \u0219i ra\u021bionalitatea economic\u0103, Identificarea unor regularit\u0103\u021bi economice specifice spa\u021biului de economie din Rom\u00e2nia, Evaluarea de propuneri de politic\u0103 economic\u0103, Compararea specificului economic etnocentrist cu specificul general al UE, Testarea unor structuri institu\u021bionale pentru economia rom\u00e2neasc\u0103.<\/p>\n<p><i>Condi\u021biile de evolu\u021bie tehnologic\u0103 au permis \u00een perioada recent\u0103 abordarea pie\u021belor pentru grupe de agen\u021bi economici din ce \u00een ce mai restr\u00e2nse, pie\u021bele devin relevante pentru grupe mult mai individualizate de agen\u021bi economici c\u0103rora le sunt recunoscute calit\u0103\u021bi individualizate ce le permit un comportament \u0219i o alegere specific\u0103 cu o capacitate din ce \u00een ce mai ridicat\u0103 de a se integra \u00eentr-o pia\u021b\u0103 ce pare a dezvolta (prin comportamente abordate) capacitate incluziv\u0103 permi\u021b\u00e2nd, precum \u00een societ\u0103\u021bile moderne acceptarea diversit\u0103\u021bii, integrarea unor clase de agen\u021bi economici cu preferin\u021be specifice. Din aceast\u0103 cauz\u0103 experimentarea teoriilor economice \u0219i adaptarea aplic\u0103rii pentru un specific identificat c\u00e2t mai aproape de clase individualizate de agen\u021bi economici a devenit o necesitate, f\u0103r\u0103 ca economia s\u0103 devin\u0103 o \u0219tiin\u021b\u0103 experimental\u0103. Laboratorul EconEx, propus a fi \u00eenfiin\u021bat prin proiect va acoperii lipsa unei entit\u0103\u021bi specializate \u0103n acest sens la nivelul mediului de cercetare din Rom\u00e2nia.<\/i><\/p>\n<p>&nbsp;<\/p>\n<p>&nbsp;<\/p>\n","protected":false},"excerpt":{"rendered":"<p>Testarea valabilit\u0103\u021bii teoriilor economice pentru diferite situa\u021bii din economia&#8230;<\/p>\n","protected":false},"author":5,"featured_media":0,"parent":0,"menu_order":0,"comment_status":"closed","ping_status":"closed","template":"","meta":{"footnotes":""},"class_list":["post-1924","page","type-page","status-publish","hentry"],"_links":{"self":[{"href":"https:\/\/ari.ase.ro\/index.php?rest_route=\/wp\/v2\/pages\/1924","targetHints":{"allow":["GET"]}}],"collection":[{"href":"https:\/\/ari.ase.ro\/index.php?rest_route=\/wp\/v2\/pages"}],"about":[{"href":"https:\/\/ari.ase.ro\/index.php?rest_route=\/wp\/v2\/types\/page"}],"author":[{"embeddable":true,"href":"https:\/\/ari.ase.ro\/index.php?rest_route=\/wp\/v2\/users\/5"}],"replies":[{"embeddable":true,"href":"https:\/\/ari.ase.ro\/index.php?rest_route=%2Fwp%2Fv2%2Fcomments&post=1924"}],"version-history":[{"count":0,"href":"https:\/\/ari.ase.ro\/index.php?rest_route=\/wp\/v2\/pages\/1924\/revisions"}],"wp:attachment":[{"href":"https:\/\/ari.ase.ro\/index.php?rest_route=%2Fwp%2Fv2%2Fmedia&parent=1924"}],"curies":[{"name":"wp","href":"https:\/\/api.w.org\/{rel}","templated":true}]}}