{"id":1813,"date":"2024-06-10T01:45:47","date_gmt":"2024-06-09T22:45:47","guid":{"rendered":"https:\/\/ari.ase.ro\/?page_id=1813"},"modified":"2024-06-10T13:22:43","modified_gmt":"2024-06-10T10:22:43","slug":"evenimentul-leading-effective-teams-in-time-of-crisis-5-octombrie-2022","status":"publish","type":"page","link":"https:\/\/ari.ase.ro\/?page_id=1813","title":{"rendered":"Evenimentul \u201cLEADING EFFECTIVE TEAMS IN TIME OF CRISIS\u201d 5 octombrie 2022"},"content":{"rendered":"<p style=\"text-align: justify;\"><strong><u>Activitatea AII.3 Sesiuni de instruire pentru preg\u0103tirea cercet\u0103torilor care vor activa \u00een cadrul infrastructurilor de cercetare<\/u><\/strong><\/p>\n<p style=\"text-align: justify;\"><em>Un \u00eenceput al sesiunilor de instruire dedicat tuturor doctoranzilor ASE a fost initiat prin evenimentul \u201c<strong>LEADING EFFECTIVE TEAMS IN TIME OF CRISIS<\/strong>\u201d <\/em><strong>5 octombrie 2022<\/strong><strong>.<\/strong><\/p>\n<p style=\"text-align: justify;\">Institutul de Cercet\u0103ri Avansate al Academiei de Studii Economice din Bucure\u015fti a organizat workshopul interna\u021bional \u201c<strong>LEADING EFFECTIVE TEAMS IN TIME OF CRISIS<\/strong>\u201d, miercuri, 5 octombrie, 2022, ora 20.00, la sala Virgil Madgearu din cadrul ASE Bucure\u0219ti. Lectorul a fost dl. Franco Gandolfi, un distins profesor din cadrul California Institute of Advanced Management (CIAM), California, SUA. Moderatorii workshopului au fost prof. univ. dr. Margareta Florescu\u00a0 si prof. univ. dr. Marian N\u0103stase.<\/p>\n<p style=\"text-align: justify;\">\u00cen deschiderea lucr\u0103rilor au fost transmise participan\u021bilor mesajele de bun venit ale domnului Rector al ASE<strong>, prof. univ. dr. Nicolae Istudor<\/strong> \u0219i a\u00a0 doamnei <strong>prof. univ. dr. Alina Mihaela Dima<\/strong>, Prorector cu cercetare \u0219tiin\u021bific\u0103, dezvoltare \u0219i inovare din ASE, precum si de \u00eencurajare a ini\u021biativelor specifice din domeniul de cercetare, ca parte important\u0103 a strategiei institu\u021bionale.<\/p>\n<p style=\"text-align: justify;\">\u00cen cadrul lucr\u0103rilor workshop-ului a fost eviden\u021biat\u0103 dinamica foarte mare pe care o \u00eenregistreaz\u0103 economia si societatea global\u0103, dar \u0219i provoc\u0103rile asociate. Factori interni \u015fi externi organiza\u0163iilor creeaz\u0103 presiuni \u00een cre\u0219tere asupra acestora oblig\u00e2ndu-le la reac\u0163ii rapide. Pentru ca schimb\u0103rile s\u0103 se bucure de succesul scontat, pentru ca implicarea oamenilor s\u0103 corespund\u0103 nevoilor reale ale organiza\u0163iei este crucial s\u0103 avem oamenii capabili s\u0103 declan\u015feze energiile creative din organiza\u0163ii, s\u0103 coaguleze masa critic\u0103 pentru ca eforturile depuse s\u0103 genereze efectele previzionate. \u00cen aceste condi\u021bii, un determinant major \u00een viabilitatea \u015fi dezvoltarea competitiv\u0103 a unei organiza\u0163ii, o reprezint\u0103 leadership-ul \u015fi capacitatea liderilor de a construi echipe competitive \u0219i o cultur\u0103 organiza\u0163ional\u0103 puternic\u0103, bazat\u0103 pe valori clare \u015fi care s\u0103 fie orientat\u0103 c\u0103tre performan\u0163\u0103.<\/p>\n<p style=\"text-align: justify;\">Workshop-ul a reprezentat o bun\u0103 ocazie pentru ca participan\u021bii, doctoranzii si cadrele didactice din ASE s\u0103 se bucure de posibilitatea de a avea numeroase interven\u021bii \u0219i dezbateri ce au vizat o gam\u0103 larg\u0103 de subiecte precum modalit\u0103\u021bile de manifestare a leadership-ului \u00een organiza\u021biile moderne, formele leadership-ului \u00een interac\u021biunile virtuale, construirea \u0219i managementul echipelor, prevenirea \u0219i gestionarea situa\u021biilor de criz\u0103.<\/p>\n<p><a href=\"https:\/\/ari.ase.ro\/?attachment_id=1814\" rel=\"attachment wp-att-1814\"><img loading=\"lazy\" decoding=\"async\" class=\"alignnone size-medium wp-image-1814\" src=\"http:\/\/ari.ase.ro\/wp-content\/uploads\/2024\/06\/Picture1-2-300x225.png\" alt=\"\" width=\"300\" height=\"225\" srcset=\"https:\/\/ari.ase.ro\/wp-content\/uploads\/2024\/06\/Picture1-2-300x225.png 300w, https:\/\/ari.ase.ro\/wp-content\/uploads\/2024\/06\/Picture1-2-350x263.png 350w, https:\/\/ari.ase.ro\/wp-content\/uploads\/2024\/06\/Picture1-2.png 454w\" sizes=\"auto, (max-width: 300px) 100vw, 300px\" \/><\/a><a href=\"https:\/\/ari.ase.ro\/?attachment_id=1828\" rel=\"attachment wp-att-1828\"><img loading=\"lazy\" decoding=\"async\" class=\"alignnone size-medium wp-image-1828\" src=\"http:\/\/ari.ase.ro\/wp-content\/uploads\/2024\/06\/Picture4-2-300x210.png\" alt=\"\" width=\"300\" height=\"210\" srcset=\"https:\/\/ari.ase.ro\/wp-content\/uploads\/2024\/06\/Picture4-2-300x210.png 300w, https:\/\/ari.ase.ro\/wp-content\/uploads\/2024\/06\/Picture4-2.png 469w\" sizes=\"auto, (max-width: 300px) 100vw, 300px\" \/><\/a><\/p>\n","protected":false},"excerpt":{"rendered":"<p>Activitatea AII.3 Sesiuni de instruire pentru preg\u0103tirea cercet\u0103torilor care&#8230;<\/p>\n","protected":false},"author":5,"featured_media":0,"parent":0,"menu_order":0,"comment_status":"closed","ping_status":"closed","template":"","meta":{"footnotes":""},"class_list":["post-1813","page","type-page","status-publish","hentry"],"_links":{"self":[{"href":"https:\/\/ari.ase.ro\/index.php?rest_route=\/wp\/v2\/pages\/1813","targetHints":{"allow":["GET"]}}],"collection":[{"href":"https:\/\/ari.ase.ro\/index.php?rest_route=\/wp\/v2\/pages"}],"about":[{"href":"https:\/\/ari.ase.ro\/index.php?rest_route=\/wp\/v2\/types\/page"}],"author":[{"embeddable":true,"href":"https:\/\/ari.ase.ro\/index.php?rest_route=\/wp\/v2\/users\/5"}],"replies":[{"embeddable":true,"href":"https:\/\/ari.ase.ro\/index.php?rest_route=%2Fwp%2Fv2%2Fcomments&post=1813"}],"version-history":[{"count":0,"href":"https:\/\/ari.ase.ro\/index.php?rest_route=\/wp\/v2\/pages\/1813\/revisions"}],"wp:attachment":[{"href":"https:\/\/ari.ase.ro\/index.php?rest_route=%2Fwp%2Fv2%2Fmedia&parent=1813"}],"curies":[{"name":"wp","href":"https:\/\/api.w.org\/{rel}","templated":true}]}}