{"id":14,"date":"2018-04-30T08:35:12","date_gmt":"2018-04-30T08:35:12","guid":{"rendered":"http:\/\/ari.ase.ro\/wp\/?page_id=14"},"modified":"2024-04-17T19:30:41","modified_gmt":"2024-04-17T16:30:41","slug":"domenii-de-interes","status":"publish","type":"page","link":"https:\/\/ari.ase.ro\/?page_id=14","title":{"rendered":"Domenii de interes"},"content":{"rendered":"<p>Activitatea ARI este corelat\u0103 cu Strategia ASE Bucure\u0219ti \u0219i cu direc\u021biile de evolu\u021bie \u00een cercetarea \u0219tiin\u021bific\u0103 la nivel na\u021bional \u0219i interna\u021bional, abord\u00e2nd teme diverse, interdisciplinare \u0219i de actualitate, \u00een concordan\u021b\u0103 cu domeniile sale de expertiz\u0103, printre care se num\u0103r\u0103:<\/p>\n<ul>\n<li>dezvoltarea unei culturi antreprenoriale \u00een Europa, prin promovarea valorilor \u015fi practicilor specifice managementului antreprenorial;<\/li>\n<li>\u00eembun\u0103t\u0103\u0163irea performan\u0163elor \u00een afaceri prin implementarea unor sisteme integrate de management calitate \u2013mediu \u2013 securitate \u2013 responsabilitate social\u0103;<\/li>\n<li>proiectarea \u015fi implementarea unor modele, tehnici \u015fi instrumente de cre\u015ftere a competitivit\u0103\u0163ii mediului de afaceri din Rom\u00e2nia;<\/li>\n<li>\u00eembun\u0103t\u0103\u0163irea calit\u0103\u0163ii \u015fi a performan\u0163elor sistemului de \u00eenv\u0103\u0163\u0103m\u00e2nt \u015fi de cercetare \u015ftiin\u0163ific\u0103 din universit\u0103\u0163ile din Rom\u00e2nia, prin integrarea unor noi practici manageriale orientate c\u0103tre mediul de afaceri;<\/li>\n<li>\u00eembun\u0103t\u0103\u0163irea comunic\u0103rii \u00eentre universit\u0103\u0163i, utilizatori \u015fi furnizori de servicii \u00een domeniul administra\u021biei \u0219i al serviciilor publice;<\/li>\n<li>promovarea cercet\u0103rii matematice fundamentale \u015fi aplicative, cu deosebire \u00een domeniul economic;<\/li>\n<li>\u00eentocmirea unor politici, strategii \u0219i analize macro- \u0219i microeconomice;<\/li>\n<li>modele de capital intelectual \u0219i antreprenoriat;<\/li>\n<li>raportarea integrat\u0103 \u0219i dezvoltarea sustenabil\u0103 a companiilor;<\/li>\n<li>securitatea \u0219i auditul sistemelor informatice de gestiune;<\/li>\n<li>management financiar;<\/li>\n<li>analiz\u0103 macro- \u0219i microeconomic\u0103 \u00een turism \u0219i servicii;<\/li>\n<li>management \u00een turism\/ industria hotelier\u0103 \u0219i alte servicii;<\/li>\n<li>cre\u0219terea inov\u0103rii \u00een domeniul tehnologiei informa\u0163iei \u015fi al comunica\u0163iilor;<\/li>\n<li>realizarea studiilor de pia\u0163\u0103 \u0219i a studiilor de impact al noilor tehnologii \u015fi asigurarea transferului acestora c\u0103tre pia\u0163\u0103;<\/li>\n<li>dezvoltarea de planuri de marketing;<\/li>\n<li>modelarea \u015fi simularea fenomenelor de marketing \u00een diferite contexte economice.<\/li>\n<\/ul>\n","protected":false},"excerpt":{"rendered":"<p>Activitatea ARI este corelat\u0103 cu Strategia ASE Bucure\u0219ti \u0219i&#8230;<\/p>\n","protected":false},"author":5,"featured_media":0,"parent":0,"menu_order":0,"comment_status":"closed","ping_status":"closed","template":"","meta":{"footnotes":""},"class_list":["post-14","page","type-page","status-publish","hentry"],"_links":{"self":[{"href":"https:\/\/ari.ase.ro\/index.php?rest_route=\/wp\/v2\/pages\/14","targetHints":{"allow":["GET"]}}],"collection":[{"href":"https:\/\/ari.ase.ro\/index.php?rest_route=\/wp\/v2\/pages"}],"about":[{"href":"https:\/\/ari.ase.ro\/index.php?rest_route=\/wp\/v2\/types\/page"}],"author":[{"embeddable":true,"href":"https:\/\/ari.ase.ro\/index.php?rest_route=\/wp\/v2\/users\/5"}],"replies":[{"embeddable":true,"href":"https:\/\/ari.ase.ro\/index.php?rest_route=%2Fwp%2Fv2%2Fcomments&post=14"}],"version-history":[{"count":0,"href":"https:\/\/ari.ase.ro\/index.php?rest_route=\/wp\/v2\/pages\/14\/revisions"}],"wp:attachment":[{"href":"https:\/\/ari.ase.ro\/index.php?rest_route=%2Fwp%2Fv2%2Fmedia&parent=14"}],"curies":[{"name":"wp","href":"https:\/\/api.w.org\/{rel}","templated":true}]}}