{"id":34,"date":"2018-04-30T08:38:57","date_gmt":"2018-04-30T08:38:57","guid":{"rendered":"http:\/\/ari.ase.ro\/wp\/?page_id=34"},"modified":"2019-05-16T17:24:54","modified_gmt":"2019-05-16T17:24:54","slug":"newsletter","status":"publish","type":"page","link":"http:\/\/ari.ase.ro\/?page_id=34","title":{"rendered":"Newsletter"},"content":{"rendered":"<h2>Dezvoltarea cunoasterii in domeniul productivitatii<\/h2>\n<h3>8 mai 2019, orele 10:30 \u2013 12:00, Aula Magna<\/h3>\n<p>Centrul de Cercetare pentru Studii in Domeniul Productivitatii a lansat oficial proiectul comun realizat cu Ministerul pentru Mediul de Afaceri, Comert si Antreprenoriat si Korea Productivity Center, care vizeaza dezvoltarea cunoasterii in domeniul productivitatii si transformarea acestei cunoasteri in fundament al politicilor bazate pe evidente.<\/p>\n<p>In deschidere au luat cuvantul domnul profesor universitar doctor Nicolae Istudor, rector al Academiei de Studii Economice din ASE, si domnul Stefan Radu Oprea, ministru pentru Mediul de Afaceri, Comert si Antreprenoriat. La eveniment au participat, de asemenea, ambasadorul Republicii Coreea in Romania, excelenta sa Eunjoong Kim, si presedintele Korea Productivity Center, domnul Kyoo Sung Noh.<\/p>\n<h2><\/h2>\n<h2>Evenimentul &#8220;Romania &#8211; Japan Business Development through JETRO Support&#8221;<\/h2>\n<h4>8 Mai 2019, 16:30, sala 1605<\/h4>\n<h2><img loading=\"lazy\" decoding=\"async\" class=\"wp-image-337 alignnone\" src=\"http:\/\/ari.ase.ro\/wp\/wp-content\/uploads\/2019\/05\/jetro-2-232x300.jpg\" alt=\"\" width=\"182\" height=\"235\" \/><\/h2>\n<h4><span style=\"font-family: garamond, serif;\">In cadrul Saptamanii Internationale din ASE, Centrul de Studii Japoneze va gazdui un eveniment intitulat &#8220;<b>Romania-Japan Business Development through JETRO Support<\/b>\u201d, la care este invitat dl Keisuke Mizuno, directorul general al JETRO (Japan External Trade Organisation).<\/span><\/h4>\n<h2><\/h2>\n<h2><\/h2>\n<h2><strong>Consultare public\u0103 proiect privind Codul Na\u021bional de Etic\u0103 a Cercet\u0103rii \u0218tiin\u021bifice (CoNaEtic)<\/strong><\/h2>\n<p>Consiliul Na\u021bional de Etic\u0103 a Cercet\u0103rii \u0218tiin\u021bifice, Dezvolt\u0103rii Tehnologice \u0219i Inov\u0103rii (CNECSDTI) supune consult\u0103rii publice proiectul privind Codul Na\u021bional de Etic\u0103 a Cercet\u0103rii \u0218tiin\u021bifice (CoNaEtic).<\/p>\n<p>Propunerile\/observa\u0163iile cu privire la con\u0163inutul proiectului se primesc p\u00e2n\u0103 la data de <strong>30 mai 2019<\/strong> pe adresa de e-mail: <a href=\"mailto:secretariat.cnecsdti@research.gov.ro\" target=\"_blank\" rel=\"noopener noreferrer\"> secretariat.cnecsdti@research.<wbr \/>gov.ro<\/a>.<\/p>\n<p>Con\u0163inutul proiectului privind Codul Na\u021bional de Etic\u0103 a Cercet\u0103rii \u0218tiin\u021bifice (CoNaEtic) este disponibil la adresa: <a href=\"http:\/\/www.research.gov.ro\/ro\/articol\/5030\/de-etica-a-cercetarii-tiin-ifice-dezvoltarii-tehnologice-i-inovari-cnecsdti-supune-consultarii-publice-proiectul-privind-codul-na-ional-de-etica-a-cercetarii-tiin-ifice-conaetic\" target=\"_blank\" rel=\"noopener noreferrer\" data-saferedirecturl=\"https:\/\/www.google.com\/url?q=http:\/\/www.research.gov.ro\/ro\/articol\/5030\/de-etica-a-cercetarii-tiin-ifice-dezvoltarii-tehnologice-i-inovari-cnecsdti-supune-consultarii-publice-proiectul-privind-codul-na-ional-de-etica-a-cercetarii-tiin-ifice-conaetic&amp;source=gmail&amp;ust=1556799691121000&amp;usg=AFQjCNF2kncC3ni7R-ZvYDUJKCecYLI40g\"> http:\/\/www.research.gov.ro\/ro\/<wbr \/>articol\/5030\/de-etica-a-<wbr \/>cercetarii-tiin-ifice-<wbr \/>dezvoltarii-tehnologice-i-<wbr \/>inovari-cnecsdti-supune-<wbr \/>consultarii-publice-proiectul-<wbr \/>privind-codul-na-ional-de-<wbr \/>etica-a-cercetarii-tiin-ifice-<wbr \/>conaetic<\/a><\/p>\n<h2><\/h2>\n<h2><a href=\"https:\/\/www.studyinromania.gov.ro\/fp\/index.php?\"><strong>Portalul StudyinRomania la NAFSA 2019 Annual Conference &amp; Expo<\/strong><\/a><\/h2>\n<p>NAFSA Annual Conference &amp; Expo constituie cel mai important eveniment interna\u021bional dedicat speciali\u0219tilor \u00een educa\u021bie, anul acesta desf\u0103\u0219ur\u00e2nd-se \u00een perioada 26 &#8211; 31 mai 2019 la Washington DC \u0219i beneficiind de participarea a peste 10.000 de profesioni\u0219ti din toat\u0103 lumea.<\/p>\n<p>Astfel, al\u0103turi de un consor\u021biu format din 24 de universit\u0103\u021bi din Rom\u00e2nia, sub egida Consiliului Na\u021bional al Rectorilor, UEFISCDI va sus\u021bine la <a href=\"http:\/\/www.nafsa.org\/Annual_Conference\/Annual_Conference___Expo\/\" target=\"_blank\" rel=\"noopener noreferrer\" data-saferedirecturl=\"https:\/\/www.google.com\/url?q=http:\/\/www.nafsa.org\/Annual_Conference\/Annual_Conference___Expo\/&amp;source=gmail&amp;ust=1556799691121000&amp;usg=AFQjCNHqJoI__EyraYT1zwWubMOVrU6DyA\"> NAFSA 2019 Annual Conference &amp; Expo<\/a> promovarea programelor de studii universitare licen\u021b\u0103, master \u0219i doctorat din Rom\u00e2nia existente \u00een platforma Study in Romania (<a href=\"https:\/\/www.studyinromania.gov.ro\/\" target=\"_blank\" rel=\"noopener noreferrer\" data-saferedirecturl=\"https:\/\/www.google.com\/url?q=https:\/\/www.studyinromania.gov.ro\/&amp;source=gmail&amp;ust=1556799691121000&amp;usg=AFQjCNFlQ-TSXAi56HldcH2of06SA3CmyA\">www.studyinromania.gov.ro<\/a>).<\/p>\n<h2><\/h2>\n<h2><a href=\"http:\/\/innoenterprisebucharest2019.eu\/\"><strong>Conferin\u021ba Innovative Enterprise Week Bucharest 2019: 19-21 Iunie 2019<\/strong><\/a><\/h2>\n<p>UEFISCDI organizeaz\u0103, \u00een colaborare cu Ministerul Cercet\u0103rii \u0219i Inov\u0103rii \u0219i Comisia European\u0103, sub auspiciile Pre\u0219edin\u021biei Rom\u00e2niei la Consiliul Uniunii Europene, conferin\u021ba Innovative Enterprise Week Bucharest 2019. Evenimentul va avea loc \u00een perioada 19-21 iunie 2019, la Bucure\u0219ti, \u00een Aula Nou\u0103 a Universit\u0103\u021bii Politehnica din Bucure\u0219ti.<\/p>\n<p>Pe parcursul celor trei zile, conferin\u021ba se va concentra pe trei subiecte principale, \u00een linie cu viitorul Program de cercetare \u0219i inovare al UE (2021-2027) \u2013 Orizont Europa: Pathfinder, Accelerator, Instrumente financiare.<\/p>\n<h2><\/h2>\n<h2><a href=\"http:\/\/www.tandemaerodays19-20.eu\/media\/\"><strong>Ultimele zile de \u00eenregistrare la Conferin\u021ba TandemAEROdays19.20<\/strong><\/a><\/h2>\n<p>Organizat\u0103 sub auspiciile Pre\u0219edin\u021biei Rom\u00e2niei la Consiliul Uniunii Europene, Conferin\u0163a <strong>8th European Aeronautics Days Bucharest &#8211; 2019 and Berlin &#8211; 2020 &#8211; <em>TandemAEROdays<\/em> 19.20<\/strong> are loc \u00een perioada 27-30 mai 2019, la Palatul Parlamentului din Bucure\u015fti \u015fi urm\u0103re\u015fte diseminarea rezultatelor \u015ftiin\u0163ifice din cercetare \u015fi inovare \u00een aeronautic\u0103 \u015fi transport aerian, reflect\u00e2nd priorit\u0103\u0163ile \u015fi strategiile stabilite \u00een cadrul programelor-cadru de cercetare ale Uniunii Europene.<\/p>\n<p>Sunt programate patru zile de sesiuni plenare \u0219i tehnice de lucru, c\u00e2teva vizite la cele mai importante facilit\u0103\u021bi de cercetare \u0219i industriale, precum \u0219i multe oportunit\u0103\u021bi de socializare, care vor aduce \u00eempreun\u0103 la Bucure\u0219ti o arie larg\u0103 \u0219i comprehensiv\u0103 de speakeri \u0219i participan\u021bi.<\/p>\n<h2><\/h2>\n<h2><strong>Forumul pentru Dezvoltare Durabil\u0103 \u0219i Antreprenoriat &#8211; FSDE 2019<\/strong><\/h2>\n<h3><strong>Academia de Studii Economice din Bucure\u0219ti<\/strong><\/h3>\n<p>Evenimentul <strong>\u201eSustainable Entrepreneurship: The Future\u201d <\/strong>&#8211; joi, 14 martie a.c.,\u00a0ora 10:00, \u00een Aula Magna<strong><br \/>\n<\/strong><\/p>\n<p><img loading=\"lazy\" decoding=\"async\" class=\"alignnone size-medium wp-image-323\" src=\"http:\/\/ari.ase.ro\/wp\/wp-content\/uploads\/2019\/03\/fsdemk2019-300x147.jpg\" alt=\"\" width=\"300\" height=\"147\" \/><\/p>\n<p><strong>Flaviu (Avi) Cicirean<\/strong> &#8211; antreprenor, director de crea\u021bie,\u00a0branding expert \u0219i fondator Brand Minds &amp; Brand Emotion\u00a0\u0219i <strong>Cristian One\u021biu<\/strong> &#8211; antreprenor, autor, business mentor \u0219i\u00a0co-fondator Life Care, BioLogistic \u0219i iCelebrity discut\u0103 despre\u00a0antreprenoriat \u0219i rolul s\u0103u \u00een construirea unui viitor sustenabil pentru fiecare dintre noi \u0219i comunit\u0103\u021bile din care facem parte.<\/p>\n","protected":false},"excerpt":{"rendered":"<p>Dezvoltarea cunoasterii in domeniul productivitatii 8 mai 2019, orele&#8230;<\/p>\n","protected":false},"author":5,"featured_media":0,"parent":0,"menu_order":0,"comment_status":"closed","ping_status":"closed","template":"","meta":{"footnotes":""},"class_list":["post-34","page","type-page","status-publish","hentry"],"_links":{"self":[{"href":"http:\/\/ari.ase.ro\/index.php?rest_route=\/wp\/v2\/pages\/34","targetHints":{"allow":["GET"]}}],"collection":[{"href":"http:\/\/ari.ase.ro\/index.php?rest_route=\/wp\/v2\/pages"}],"about":[{"href":"http:\/\/ari.ase.ro\/index.php?rest_route=\/wp\/v2\/types\/page"}],"author":[{"embeddable":true,"href":"http:\/\/ari.ase.ro\/index.php?rest_route=\/wp\/v2\/users\/5"}],"replies":[{"embeddable":true,"href":"http:\/\/ari.ase.ro\/index.php?rest_route=%2Fwp%2Fv2%2Fcomments&post=34"}],"version-history":[{"count":0,"href":"http:\/\/ari.ase.ro\/index.php?rest_route=\/wp\/v2\/pages\/34\/revisions"}],"wp:attachment":[{"href":"http:\/\/ari.ase.ro\/index.php?rest_route=%2Fwp%2Fv2%2Fmedia&parent=34"}],"curies":[{"name":"wp","href":"https:\/\/api.w.org\/{rel}","templated":true}]}}