{"id":264,"date":"2018-12-11T16:11:55","date_gmt":"2018-12-11T16:11:55","guid":{"rendered":"http:\/\/ari.ase.ro\/wp\/?page_id=264"},"modified":"2024-04-01T06:49:36","modified_gmt":"2024-04-01T06:49:36","slug":"certran","status":"publish","type":"page","link":"http:\/\/ari.ase.ro\/?page_id=264","title":{"rendered":"CERTRAN"},"content":{"rendered":"<div style=\"text-align: justify;\">\n<h2>Despre proiect<\/h2>\n<p>Proiectul \u201eCre\u0219terea capacit\u0103\u021bii de cercetare \u00een domeniul economic prin dezvoltarea de infrastructuri de cercetare transdisciplinar\u0103 (CERTRAN)\u201d \u00ee\u0219i propune s\u0103 stimuleze cercetarea de excelen\u0163\u0103 \u00een cadrul Academiei de Studii Economice din Bucure\u015fti prin construirea unei infrastructuri moderne de performan\u021b\u0103 \u015fi cooptarea de tineri cu studii sau stagii la universit\u0103\u0163i de renume \u00een procesul de exploatare a infrastructurii create prin proiect.<\/p>\n<p>Proiectul asigur\u0103 modernizarea infrastructurii de cercetare din Academia de Studii Economice din Bucure\u0219ti prin crearea a trei laboratoare \u00een domeniile prioritare la nivel na\u021bional ale bioeconomiei, informaticii economice \u0219i digitaliz\u0103rii afacerilor, prin atragerea de cercet\u0103tori tineri care s\u0103 desf\u0103\u015foare activit\u0103\u0163i de cercetare \u00een aceste laboratoare finalizate inclusiv prin publicarea unor articole \u015ftii\u0163ifice \u00een reviste cu recunoa\u015ftere interna\u0163ional\u0103. Obiectivele specifice ale proiectului sunt:<\/p>\n<ul>\n<li>crearea a trei noi laboratoare de cercetare \u00een domeniile bioeconomiei, informaticii economice \u0219i digitalizarea afacerilor;<\/li>\n<li>atragerea de tineri cu studii sau stagii la universit\u0103\u0163i de renume \u00een procesul de cercetare \u015ftiin\u0163ific\u0103 din Academia de Studii Economice;<\/li>\n<li>\u00eembun\u0103t\u0103\u0163irea performan\u021belor departamentelor \u0219i colectivelor de cercetare din cadrul Academiei de Studii Economice prin facilitarea accesului la literatura de specialitate, baze \u0219i b\u0103nci de date specifice bioeconomiei, informaticii economice \u0219i digitalizarea afacerilor;<\/li>\n<li>cre\u0219terea vizibilit\u0103\u021bii cercet\u0103rii economice rom\u00e2ne\u0219ti pe plan interna\u0163ional.<\/li>\n<\/ul>\n<\/div>\n<p>&nbsp;<\/p>\n","protected":false},"excerpt":{"rendered":"<p>Despre proiect Proiectul \u201eCre\u0219terea capacit\u0103\u021bii de cercetare \u00een domeniul&#8230;<\/p>\n","protected":false},"author":5,"featured_media":0,"parent":0,"menu_order":0,"comment_status":"closed","ping_status":"closed","template":"","meta":{"footnotes":""},"class_list":["post-264","page","type-page","status-publish","hentry"],"_links":{"self":[{"href":"http:\/\/ari.ase.ro\/index.php?rest_route=\/wp\/v2\/pages\/264","targetHints":{"allow":["GET"]}}],"collection":[{"href":"http:\/\/ari.ase.ro\/index.php?rest_route=\/wp\/v2\/pages"}],"about":[{"href":"http:\/\/ari.ase.ro\/index.php?rest_route=\/wp\/v2\/types\/page"}],"author":[{"embeddable":true,"href":"http:\/\/ari.ase.ro\/index.php?rest_route=\/wp\/v2\/users\/5"}],"replies":[{"embeddable":true,"href":"http:\/\/ari.ase.ro\/index.php?rest_route=%2Fwp%2Fv2%2Fcomments&post=264"}],"version-history":[{"count":0,"href":"http:\/\/ari.ase.ro\/index.php?rest_route=\/wp\/v2\/pages\/264\/revisions"}],"wp:attachment":[{"href":"http:\/\/ari.ase.ro\/index.php?rest_route=%2Fwp%2Fv2%2Fmedia&parent=264"}],"curies":[{"name":"wp","href":"https:\/\/api.w.org\/{rel}","templated":true}]}}