{"id":22,"date":"2018-04-30T08:37:17","date_gmt":"2018-04-30T08:37:17","guid":{"rendered":"http:\/\/ari.ase.ro\/wp\/?page_id=22"},"modified":"2024-04-01T06:37:26","modified_gmt":"2024-04-01T06:37:26","slug":"mesajul-directorului","status":"publish","type":"page","link":"http:\/\/ari.ase.ro\/?page_id=22","title":{"rendered":"Mesajul directorului"},"content":{"rendered":"\r\n<figure class=\"wp-block-image\"><img loading=\"lazy\" decoding=\"async\" width=\"1024\" height=\"917\" class=\"wp-image-287\" src=\"http:\/\/ari.ase.ro\/wp\/wp-content\/uploads\/2019\/01\/IMG_4825-1024x917.jpg\" alt=\"\" srcset=\"http:\/\/ari.ase.ro\/wp-content\/uploads\/2019\/01\/IMG_4825-1024x917.jpg 1024w, http:\/\/ari.ase.ro\/wp-content\/uploads\/2019\/01\/IMG_4825-300x269.jpg 300w, http:\/\/ari.ase.ro\/wp-content\/uploads\/2019\/01\/IMG_4825-768x688.jpg 768w\" sizes=\"auto, (max-width: 1024px) 100vw, 1024px\" \/><\/figure>\r\n\r\n\r\n\r\n<p>&nbsp;<\/p>\r\n\r\n\r\n\r\n<p style=\"text-align: left;\">\u00a0<\/p>\r\n\r\n\r\n\r\n<p>Institutul de Cercet\u0103ri Avansate (ARI) reune\u0219te cadre didactice, doctoranzi \u0219i practicieni, afla\u021bi pe trepte diferite ale carierei de cercet\u0103tor, cu scopul de a fructifica oportunit\u0103\u021bile de cercetare de excelen\u021b\u0103 \u0219i de a genera experien\u021be de lucru utile dezvolt\u0103rii institu\u021bionale \u0219i mediului academic, pe de o parte, dar \u0219i societ\u0103\u021bii \u0219i economiei \u00een ansamblu, pe de alt\u0103 parte.<\/p>\r\n\r\n\r\n\r\n<p>ARI \u00ee\u0219i propune s\u0103 valorifice calit\u0103\u021bile \u0219i aptitudinile cercet\u0103torilor din Academia de Studii Economice din Bucure\u0219ti, \u00een vederea cre\u0219terii performan\u021belor academice \u0219i asigur\u0103rii caracterului interdisciplinar al echipelor de lucru, asum\u00e2ndu-\u0219i totodat\u0103 rolul de catalizator al procesului de concepere, implementare \u0219i diseminare a ideilor \u0219i temelor inovatoare. \u00a0<\/p>\r\n\r\n\r\n\r\n<p>\u00cen aceea\u0219i m\u0103sur\u0103, ARI urm\u0103re\u0219te s\u0103 \u00ee\u0219i desf\u0103\u0219oare activit\u0103\u021bile la un nivel \u00eenalt de calitate, prin derularea proiectelor de cercetare \u0219tiin\u021bific\u0103 \u0219i aplicativ\u0103, cre\u00e2nd parteneriate cu universit\u0103\u021bi \u0219i institute de prestigiu din Rom\u00e2nia \u0219i str\u0103in\u0103tate.<\/p>\r\n\r\n\r\n\r\n<p>Este demn de men\u021bionat c\u0103 \u00eenfiin\u021barea Institutului a fost posibil\u0103 \u0219i datorit\u0103 preocup\u0103rii membrilor comunit\u0103\u021bii academice de a oferi un plus de valoare activit\u0103\u021bii de cercetare din ASE, conduc\u00e2nd astfel la completarea form\u0103rii lor profesionale.<\/p>\r\n\r\n\r\n\r\n<p>\u00cen viziune strategic\u0103, Institutul de Cercet\u0103ri Avansate contribuie la cre\u0219terea vizibilit\u0103\u021bii Academiei de Studii Economice pe plan na\u021bional \u0219i interna\u021bional, promov\u00e2nd o cultur\u0103 a excelen\u021bei, profesionalismului \u0219i eticii, ac\u021bion\u00e2nd consecvent pentru atingerea obiectivelor propuse, ce deriv\u0103 armonios din obiectivele strategice fundamentale prev\u0103zute \u00een strategia universit\u0103\u021bii.<\/p>\r\n\r\n\r\n\r\n<p style=\"text-align: center;\"><strong>Prof. univ. dr. Margareta-Stela FLORESCU<\/strong><\/p>\r\n\r\n\r\n\r\n<p style=\"text-align: center;\"><strong>Director<\/strong><\/p>\r\n\r\n\r\n\r\n<p style=\"text-align: center;\"><strong>Institut de Cercetari Avansate al Academiei de Studii Economice din Bucure\u0219ti<\/strong><\/p>\r\n\r\n\r\n\r\n<p>&nbsp;<\/p>\r\n","protected":false},"excerpt":{"rendered":"<p>&nbsp; \u00a0 Institutul de Cercet\u0103ri Avansate (ARI) reune\u0219te cadre&#8230;<\/p>\n","protected":false},"author":5,"featured_media":0,"parent":0,"menu_order":0,"comment_status":"closed","ping_status":"closed","template":"","meta":{"footnotes":""},"class_list":["post-22","page","type-page","status-publish","hentry"],"_links":{"self":[{"href":"http:\/\/ari.ase.ro\/index.php?rest_route=\/wp\/v2\/pages\/22","targetHints":{"allow":["GET"]}}],"collection":[{"href":"http:\/\/ari.ase.ro\/index.php?rest_route=\/wp\/v2\/pages"}],"about":[{"href":"http:\/\/ari.ase.ro\/index.php?rest_route=\/wp\/v2\/types\/page"}],"author":[{"embeddable":true,"href":"http:\/\/ari.ase.ro\/index.php?rest_route=\/wp\/v2\/users\/5"}],"replies":[{"embeddable":true,"href":"http:\/\/ari.ase.ro\/index.php?rest_route=%2Fwp%2Fv2%2Fcomments&post=22"}],"version-history":[{"count":0,"href":"http:\/\/ari.ase.ro\/index.php?rest_route=\/wp\/v2\/pages\/22\/revisions"}],"wp:attachment":[{"href":"http:\/\/ari.ase.ro\/index.php?rest_route=%2Fwp%2Fv2%2Fmedia&parent=22"}],"curies":[{"name":"wp","href":"https:\/\/api.w.org\/{rel}","templated":true}]}}