{"id":1997,"date":"2024-06-24T14:49:14","date_gmt":"2024-06-24T11:49:14","guid":{"rendered":"https:\/\/ari.ase.ro\/?page_id=1997"},"modified":"2024-06-24T14:57:55","modified_gmt":"2024-06-24T11:57:55","slug":"workshop-obiective-smart-la-inceput-de-cariera-in-cercetare","status":"publish","type":"page","link":"http:\/\/ari.ase.ro\/?page_id=1997","title":{"rendered":"Workshop \u201eObiective SMART la \u00eenceput de carier\u0103 \u00een cercetare\u201d"},"content":{"rendered":"<p style=\"text-align: justify;\"><strong><u>Workshop<\/u> <\/strong>cu titlul<strong> \u201eObiective SMART la \u00eenceput de carier\u0103 \u00een cercetare\u201d, <\/strong>desf\u0103\u0219urat<strong> vineri, 10 martie 2023, ora 12:00, sala Virgil Madgearu.<\/strong> Workshop-ul a fost sus\u021binut de<strong> Roxana Bl\u0103gescu, antreprenor<\/strong> \u015fi moderat de <strong>prof. univ. dr. Margareta Stela Florescu (ASE Bucure\u0219ti) Workshopul a avut peste 60 de participanti <\/strong>(a se vedea lista de prezen\u021b\u0103).<\/p>\n<p style=\"text-align: justify;\">Roxana Bl\u0103gescu este coach acreditat \u0219i certificat ICF \u0219i ELC, precum \u0219i fondatoarea Your Fearless Flow by Cursupedia. Are peste 20 ani de experien\u021b\u0103 \u00een training-uri de comunicare, integrare cultural\u0103, limbi str\u0103ine \u0219i, de 3 ani, coaching.<\/p>\n<p style=\"text-align: justify;\">Misiunea evenimentului este de a transmite informa\u021bii cu privire la obiectivele SMART la \u00eenceput de carier\u0103 \u00een cercetare, care s\u0103-i sus\u021bin\u0103 pe cei afla\u021bi \u00een aceast\u0103 etap\u0103 s\u0103-\u0219i clarifice \u201eDe Ce\u201d-ul activit\u0103\u021bii lor \u0219tiin\u021bifice, s\u0103-\u0219i stabileasc\u0103 obiective \u0219i ac\u021biuni prin dezvoltarea unei imagini pozitive despre sinele, calit\u0103\u021bile \u0219i competen\u021bele lor.<\/p>\n<p><a href=\"https:\/\/ari.ase.ro\/?attachment_id=1998\" rel=\"attachment wp-att-1998\"><img loading=\"lazy\" decoding=\"async\" class=\"alignnone size-medium wp-image-1998\" src=\"http:\/\/ari.ase.ro\/wp-content\/uploads\/2024\/06\/Picture4-3-300x189.png\" alt=\"\" width=\"300\" height=\"189\" srcset=\"http:\/\/ari.ase.ro\/wp-content\/uploads\/2024\/06\/Picture4-3-300x189.png 300w, http:\/\/ari.ase.ro\/wp-content\/uploads\/2024\/06\/Picture4-3.png 427w\" sizes=\"auto, (max-width: 300px) 100vw, 300px\" \/><\/a> <a href=\"https:\/\/ari.ase.ro\/?attachment_id=1999\" rel=\"attachment wp-att-1999\"><img loading=\"lazy\" decoding=\"async\" class=\"alignnone size-medium wp-image-1999\" src=\"http:\/\/ari.ase.ro\/wp-content\/uploads\/2024\/06\/Picture3-2-300x255.png\" alt=\"\" width=\"300\" height=\"255\" srcset=\"http:\/\/ari.ase.ro\/wp-content\/uploads\/2024\/06\/Picture3-2-300x255.png 300w, http:\/\/ari.ase.ro\/wp-content\/uploads\/2024\/06\/Picture3-2.png 316w\" sizes=\"auto, (max-width: 300px) 100vw, 300px\" \/><\/a> <a href=\"https:\/\/ari.ase.ro\/?attachment_id=2000\" rel=\"attachment wp-att-2000\"><img loading=\"lazy\" decoding=\"async\" class=\"alignnone size-medium wp-image-2000\" src=\"http:\/\/ari.ase.ro\/wp-content\/uploads\/2024\/06\/Picture2-2-300x182.png\" alt=\"\" width=\"300\" height=\"182\" srcset=\"http:\/\/ari.ase.ro\/wp-content\/uploads\/2024\/06\/Picture2-2-300x182.png 300w, http:\/\/ari.ase.ro\/wp-content\/uploads\/2024\/06\/Picture2-2.png 459w\" sizes=\"auto, (max-width: 300px) 100vw, 300px\" \/><\/a> <a href=\"https:\/\/ari.ase.ro\/?attachment_id=2001\" rel=\"attachment wp-att-2001\"><img loading=\"lazy\" decoding=\"async\" class=\"alignnone size-medium wp-image-2001\" src=\"http:\/\/ari.ase.ro\/wp-content\/uploads\/2024\/06\/Picture1-3.png\" alt=\"\" width=\"288\" height=\"280\" \/><\/a><\/p>\n<p style=\"text-align: justify;\">Evenimentul a fost moderat de doamna prof. univ. dr. Margareta Florescu \u0219i este dedicat at\u00e2t cadrelor didactice universitare, c\u00e2t \u0219i doctoranzilor \u0219i masteranzilor din ASE, \u00een vederea stimul\u0103rii interesului \u0219i, mai ales, a \u00eencuraj\u0103rii particip\u0103rii \u00een cercetarea \u0219tiin\u021bific\u0103 din universitate. Workshop-ul este organizat \u00een cadrul proiectului: \u201eCre\u0219terea performan\u021bei institu\u021bionale prin dezvoltarea infrastructurii \u0219i ecosistemului de cercetare de excelen\u021b\u0103 transdisciplinar\u0103 \u00een domeniul socio-economic\u201d (PERFECTIS), finan\u021bat de Ministerul Cercet\u0103rii, Inov\u0103rii \u0219i Digitaliz\u0103rii, contract nr 42PFE\/30.12.2021<\/p>\n","protected":false},"excerpt":{"rendered":"<p>Workshop cu titlul \u201eObiective SMART la \u00eenceput de carier\u0103&#8230;<\/p>\n","protected":false},"author":5,"featured_media":0,"parent":0,"menu_order":0,"comment_status":"closed","ping_status":"closed","template":"","meta":{"footnotes":""},"class_list":["post-1997","page","type-page","status-publish","hentry"],"_links":{"self":[{"href":"http:\/\/ari.ase.ro\/index.php?rest_route=\/wp\/v2\/pages\/1997","targetHints":{"allow":["GET"]}}],"collection":[{"href":"http:\/\/ari.ase.ro\/index.php?rest_route=\/wp\/v2\/pages"}],"about":[{"href":"http:\/\/ari.ase.ro\/index.php?rest_route=\/wp\/v2\/types\/page"}],"author":[{"embeddable":true,"href":"http:\/\/ari.ase.ro\/index.php?rest_route=\/wp\/v2\/users\/5"}],"replies":[{"embeddable":true,"href":"http:\/\/ari.ase.ro\/index.php?rest_route=%2Fwp%2Fv2%2Fcomments&post=1997"}],"version-history":[{"count":0,"href":"http:\/\/ari.ase.ro\/index.php?rest_route=\/wp\/v2\/pages\/1997\/revisions"}],"wp:attachment":[{"href":"http:\/\/ari.ase.ro\/index.php?rest_route=%2Fwp%2Fv2%2Fmedia&parent=1997"}],"curies":[{"name":"wp","href":"https:\/\/api.w.org\/{rel}","templated":true}]}}