{"id":1902,"date":"2024-06-10T15:47:21","date_gmt":"2024-06-10T12:47:21","guid":{"rendered":"https:\/\/ari.ase.ro\/?page_id=1902"},"modified":"2024-06-10T15:47:21","modified_gmt":"2024-06-10T12:47:21","slug":"sesiune-de-instruire-economy-and-economics-under-the-influence-of-the-new-scientific-and-technological-revolution","status":"publish","type":"page","link":"http:\/\/ari.ase.ro\/?page_id=1902","title":{"rendered":"Sesiune de instruire \u201eEconomy and Economics under the influence of the new scientific and technological revolution\u201d"},"content":{"rendered":"<p style=\"text-align: justify;\"><strong><u>Sesiune de instruire<\/u> <\/strong>cu titlul<strong> \u201e<\/strong><strong>Economy and Economics under the influence of the new scientific and technological revolution<\/strong><strong>\u201d, <\/strong>desf\u0103\u0219urat\u0103<strong> vineri, 16 iunie 2023, ora 12:00, sala Rotond\u0103. <\/strong>Sesiunea a fost sus\u021binut\u0103 de <strong>prof. univ. dr. Angela \u015eutan <\/strong>(Burgundy School of Business) \u015fi moderat\u0103 de <strong>conf. univ. dr. Drago\u0219 Huru (ASE Bucure\u0219ti)<\/strong> Sesiunea de instruire a avut peste 30 de participanti si s-a desfasurat \u00een sistem de prezen\u0163\u0103 hibrid<\/p>\n<p style=\"text-align: justify;\">\u00a0\u00cen data de 16 iunie 2023, \u00een cadrul celei de-a 6-a edi\u021bii a Conferin\u021bei Interna\u021bionale DE ECONOMIE \u0218I \u0218TIIN\u021aE SOCIALE &#8220;Perspective geopolitice \u0219i provoc\u0103ri tehnologice pentru cre\u0219terea durabil\u0103 \u00een secolul al XXI-lea&#8221;(ICESS 2023) a fost g\u0103zduit\u0103 sesiunea de instruire destinat\u0103 cercet\u0103torilor din domeniul <em>Economie experimental\u0103<\/em>, ca parte a preocup\u0103rilor de dezvoltare a infrastructurii de cercetare din universitate, din cadrul proiectului: <strong>\u201eCre\u0219terea performan\u021bei institu\u021bionale prin dezvoltarea infrastructurii \u0219i ecosistemului de cercetare de excelen\u021b\u0103 transdisciplinar\u0103 \u00een domeniul socio-economic\u201d (PERFECTIS), finan\u021bat de Ministerul Cercet\u0103rii, Inov\u0103rii \u0219i Digitaliz\u0103rii, contract nr 42PFE\/30.12.2021<\/strong>, director proiect prof. univ. dr. Margareta Florescu. Pentru asigurarea unui sistem de pertinen\u0163\u0103 c\u00e2t mai \u00eenalt\u0103 \u00eentre obiectivele concrete ale proiectului \u015fi rezultatele efective s-a optat ca \u015fi aceast\u0103 sesiune de informare s\u0103 fie organizat\u0103 ca o sec\u0163iune a celei mai prestigioase conferin\u0163e \u015ftiin\u0163ifice organizate \u00een universitate ceea ce asigur\u0103 un nivel \u00eenalt de compatibilizare \u00eentre inten\u0163ie\/informare \u015fi ini\u0163iativ\u0103\/construc\u0163ie de echipe \u00een cercetare.<\/p>\n<p style=\"text-align: justify;\">Lucr\u0103rile s-au desf\u0103\u0219urat \u00een regim hibrid, cu prezen\u021b\u0103 fizic\u0103 pentru participan\u021bii din Rom\u00e2nia \u0219i online pentru cei care au optat pentru acest tip de prezen\u0163\u0103. Discu\u021biile s-au concentrat pe evolu\u021bia paradigmatic\u0103 la nivelul corpului general al \u0219tiin\u021belor, cu accent pe economie \u0219i alte discipline socio-umane, \u00eentr-o epoc\u0103 \u00een care schimb\u0103rile tehnologice produc muta\u021bii asupra omului din postura acestuia deopotriv\u0103 de subiect \u0219i de obiect al cercet\u0103rii \u0219tiin\u021bifice. \u00cen acest context, participan\u021bii la eveniment au c\u0103utat s\u0103 explice, printre altele, diferen\u021bele dintre \u021b\u0103ri \u00een privin\u021ba ritmului de dob\u00e2ndire a competen\u021belor tehnico-\u0219tiin\u021bifice \u00een diversele categorii socio-demografice, stimulentele \u0219i constr\u00e2ngerile aferente proceselor de convergen\u021b\u0103 economic\u0103 european\u0103\/global\u0103, cu aplicare pe configura\u021biile ale acestor st\u0103ri \u0219i procese \u00een societatea rom\u00e2neasc\u0103. Absorb\u021bia tehnologiilor digitale din mediul global, integrarea economiilor \u00een lan\u021burile interna\u021bionale de produc\u021bie, identificarea \u0219i \u00eencurajarea avantajelor comparative\/competitive sectoriale\/na\u021bionale devin importante \u00een explicarea \u0219i anticiparea evolu\u021biilor \u0219i tendin\u021belor, precum \u0219i pentru pozi\u021bionarea inteligent\u0103 \u00een cadrul acestora la nivel de agent economic sau decident politic. Progresele \u0219tiin\u021bifice \u0219i prefacerile tehnologice sunt factori importan\u021bi ai performan\u021bei economice, determin\u00e2nd o nou\u0103 aranjare a rela\u021biilor interna\u021bionale la nivel geopolitic \u0219i geoeconomic, preocup\u0103ri legitime \u00eenainte de orice la nivelul comunit\u0103\u021bii \u0219tiin\u021bifice, academice, ale c\u0103rei rezultate critice \u0219i creative sunt menite a informa deciziile din mediul economic.<\/p>\n<p><a href=\"https:\/\/ari.ase.ro\/?attachment_id=1904\" rel=\"attachment wp-att-1904\"><img loading=\"lazy\" decoding=\"async\" class=\"alignnone size-medium wp-image-1904\" src=\"http:\/\/ari.ase.ro\/wp-content\/uploads\/2024\/06\/Picture2-300x193.jpg\" alt=\"\" width=\"300\" height=\"193\" srcset=\"http:\/\/ari.ase.ro\/wp-content\/uploads\/2024\/06\/Picture2-300x193.jpg 300w, http:\/\/ari.ase.ro\/wp-content\/uploads\/2024\/06\/Picture2.jpg 644w\" sizes=\"auto, (max-width: 300px) 100vw, 300px\" \/><\/a><a href=\"https:\/\/ari.ase.ro\/?attachment_id=1903\" rel=\"attachment wp-att-1903\"><img loading=\"lazy\" decoding=\"async\" class=\"alignnone  wp-image-1903\" src=\"http:\/\/ari.ase.ro\/wp-content\/uploads\/2024\/06\/Picture3-300x178.jpg\" alt=\"\" width=\"320\" height=\"190\" srcset=\"http:\/\/ari.ase.ro\/wp-content\/uploads\/2024\/06\/Picture3-300x178.jpg 300w, http:\/\/ari.ase.ro\/wp-content\/uploads\/2024\/06\/Picture3.jpg 713w\" sizes=\"auto, (max-width: 320px) 100vw, 320px\" \/><\/a><\/p>\n","protected":false},"excerpt":{"rendered":"<p>Sesiune de instruire cu titlul \u201eEconomy and Economics under&#8230;<\/p>\n","protected":false},"author":5,"featured_media":0,"parent":0,"menu_order":0,"comment_status":"closed","ping_status":"closed","template":"","meta":{"footnotes":""},"class_list":["post-1902","page","type-page","status-publish","hentry"],"_links":{"self":[{"href":"http:\/\/ari.ase.ro\/index.php?rest_route=\/wp\/v2\/pages\/1902","targetHints":{"allow":["GET"]}}],"collection":[{"href":"http:\/\/ari.ase.ro\/index.php?rest_route=\/wp\/v2\/pages"}],"about":[{"href":"http:\/\/ari.ase.ro\/index.php?rest_route=\/wp\/v2\/types\/page"}],"author":[{"embeddable":true,"href":"http:\/\/ari.ase.ro\/index.php?rest_route=\/wp\/v2\/users\/5"}],"replies":[{"embeddable":true,"href":"http:\/\/ari.ase.ro\/index.php?rest_route=%2Fwp%2Fv2%2Fcomments&post=1902"}],"version-history":[{"count":0,"href":"http:\/\/ari.ase.ro\/index.php?rest_route=\/wp\/v2\/pages\/1902\/revisions"}],"wp:attachment":[{"href":"http:\/\/ari.ase.ro\/index.php?rest_route=%2Fwp%2Fv2%2Fmedia&parent=1902"}],"curies":[{"name":"wp","href":"https:\/\/api.w.org\/{rel}","templated":true}]}}