{"id":1707,"date":"2024-06-09T13:09:45","date_gmt":"2024-06-09T10:09:45","guid":{"rendered":"https:\/\/ari.ase.ro\/?page_id=1707"},"modified":"2024-06-09T13:27:30","modified_gmt":"2024-06-09T10:27:30","slug":"workshop-design-pentru-economie-circulara","status":"publish","type":"page","link":"http:\/\/ari.ase.ro\/?page_id=1707","title":{"rendered":"Workshop Design pentru Economie Circular\u0103"},"content":{"rendered":"<p><strong>Workshop-ul cu tema ,, Design pentru Economie Circular\u0103,,<\/strong><\/p>\n<p>\u00cen data de 16.03.2022, \u00een cadrul proiectului cu titlul <strong>\u201cCre\u0219terea performan\u021bei institu\u021bionale prin dezvoltarea infrastructurii \u0219i ecosistemului de cercetare de excelen\u021b\u0103 transdisciplinar\u0103 \u00een domeniul socio-economic (PERFECTIS)\u201d<\/strong> a fost organizat \u0219i desf\u0103\u0219urat \u00een sistem online, \u00een corela\u021bie cu obiectivele \u0219i activit\u0103\u021bile planificate ale proiectului,\u00a0 workshop-ul cu tema \u201cDesign pentru Economie Circular\u0103\u201donline.<\/p>\n<p>Facultatea de Economie Agroalimentar\u0103 \u0219i a Mediului din cadrul Academiei de Studii Economice din Bucure\u0219ti, \u00eempreun\u0103 cu Coali\u021bia pentru Economie Circular\u0103 au organizat workshop-ul cu tema ,, Design pentru Economie Circular\u0103,,\u00a0\u00a0 unde au participat\u00a0 reprezentan\u021bi ai autorit\u0103\u021bilor centrale \u0219i ai companiilor preocupate de implementarea principiilor de design pentru economia circular, cercet\u0103tori, profesori.<\/p>\n<p>Temele \u00een cadrul worksop-ului\u00a0 au fost dezb\u0103tute\u00a0 \u00een corela\u021bie cu\u00a0 obiectivele laboratorului de\u00a0\u00a0 analize \u0219i cercet\u0103ri pentru economie circular\u0103 \u0219i mediu \u0219i anume:<\/p>\n<ul>\n<li>dezvoltarea conceptual\u0103 \u0219i opera\u021bional\u0103 a economiei circulare \u00een condi\u021biile specifice ale Rom\u00e2niei,<\/li>\n<li>asigurarea unei str\u00e2nse cooper\u0103ri \u0219i colabor\u0103ri \u00eentre factorii decizionali, mediul academic \u0219i societatea civil\u0103 \u00een dezvoltarea \u0219i promovarea economiei circulare , a protec\u021biei mediului \u0219i resurselor,<\/li>\n<li>crearea unei baze de date online\/portal de informare a factorilor interesa\u021bi privind modalitatea de implementare a economiei circulare<\/li>\n<li>considerarea economiei circulare \u00een modelul de cre\u0219tere economic\u0103 a Rom\u00e2niei pe termen mediu \u0219i lung.<\/li>\n<\/ul>\n<p>\u00cen acest sens, dezvoltarea unui laborator de analize \u0219i cercet\u0103ri \u00een economie circular\u0103 \u0219i mediu ofer\u0103 oportunit\u0103\u021bi \u0219i solu\u021bii pentru abordarea problemelor complexe de mediu \u00een str\u00e2ns\u0103 leg\u0103tur\u0103 cu dezvoltarea socio-economic\u0103, inclusiv adaptarea la schimb\u0103rile climatice, securitatea alimentar\u0103 \u00eei energetic\u0103, utilizarea eficient\u0103 a resurselor.<\/p>\n<p><a href=\"https:\/\/ari.ase.ro\/?attachment_id=1708\" rel=\"attachment wp-att-1708\"><img loading=\"lazy\" decoding=\"async\" class=\"alignnone wp-image-1708\" src=\"http:\/\/ari.ase.ro\/wp-content\/uploads\/2024\/06\/Picture1-300x108.png\" alt=\"\" width=\"292\" height=\"105\" srcset=\"http:\/\/ari.ase.ro\/wp-content\/uploads\/2024\/06\/Picture1-300x108.png 300w, http:\/\/ari.ase.ro\/wp-content\/uploads\/2024\/06\/Picture1-768x276.png 768w, http:\/\/ari.ase.ro\/wp-content\/uploads\/2024\/06\/Picture1.png 939w\" sizes=\"auto, (max-width: 292px) 100vw, 292px\" \/><\/a><a href=\"https:\/\/ari.ase.ro\/?attachment_id=1709\" rel=\"attachment wp-att-1709\"><img loading=\"lazy\" decoding=\"async\" class=\"alignnone size-medium wp-image-1709\" src=\"http:\/\/ari.ase.ro\/wp-content\/uploads\/2024\/06\/Picture2-300x133.png\" alt=\"\" width=\"300\" height=\"133\" srcset=\"http:\/\/ari.ase.ro\/wp-content\/uploads\/2024\/06\/Picture2-300x133.png 300w, http:\/\/ari.ase.ro\/wp-content\/uploads\/2024\/06\/Picture2-768x341.png 768w, http:\/\/ari.ase.ro\/wp-content\/uploads\/2024\/06\/Picture2.png 954w\" sizes=\"auto, (max-width: 300px) 100vw, 300px\" \/><\/a><a href=\"https:\/\/ari.ase.ro\/?attachment_id=1710\" rel=\"attachment wp-att-1710\"><img loading=\"lazy\" decoding=\"async\" class=\"alignnone size-medium wp-image-1710\" src=\"http:\/\/ari.ase.ro\/wp-content\/uploads\/2024\/06\/Picture3-300x151.png\" alt=\"\" width=\"300\" height=\"151\" srcset=\"http:\/\/ari.ase.ro\/wp-content\/uploads\/2024\/06\/Picture3-300x151.png 300w, http:\/\/ari.ase.ro\/wp-content\/uploads\/2024\/06\/Picture3-768x386.png 768w, http:\/\/ari.ase.ro\/wp-content\/uploads\/2024\/06\/Picture3.png 945w\" sizes=\"auto, (max-width: 300px) 100vw, 300px\" \/><\/a><\/p>\n<p><strong>\u00a0\u00a0\u00a0\u00a0\u00a0\u00a0\u00a0\u00a0\u00a0\u00a0\u00a0\u00a0\u00a0\u00a0\u00a0\u00a0\u00a0\u00a0\u00a0\u00a0\u00a0\u00a0\u00a0\u00a0\u00a0\u00a0\u00a0\u00a0\u00a0\u00a0\u00a0\u00a0\u00a0\u00a0\u00a0\u00a0\u00a0\u00a0\u00a0\u00a0\u00a0\u00a0\u00a0\u00a0\u00a0\u00a0\u00a0\u00a0\u00a0\u00a0\u00a0\u00a0\u00a0\u00a0\u00a0\u00a0\u00a0\u00a0\u00a0\u00a0\u00a0\u00a0\u00a0\u00a0\u00a0\u00a0\u00a0\u00a0\u00a0\u00a0\u00a0\u00a0\u00a0\u00a0\u00a0\u00a0\u00a0\u00a0\u00a0\u00a0\u00a0\u00a0\u00a0\u00a0\u00a0\u00a0\u00a0\u00a0\u00a0\u00a0\u00a0\u00a0\u00a0\u00a0\u00a0\u00a0\u00a0\u00a0\u00a0\u00a0\u00a0\u00a0\u00a0\u00a0\u00a0\u00a0\u00a0\u00a0\u00a0\u00a0\u00a0\u00a0\u00a0\u00a0\u00a0\u00a0\u00a0\u00a0\u00a0\u00a0\u00a0\u00a0\u00a0\u00a0\u00a0\u00a0\u00a0\u00a0\u00a0\u00a0\u00a0\u00a0\u00a0\u00a0\u00a0\u00a0\u00a0\u00a0 <\/strong><\/p>\n<p>\u00cen cadrul proiectului cu scopul conceperii \u1e63i dezvolt\u0103rii unui laborator de Economie Experimental\u0103 au fost ini\u021biate \u1e63i desf\u0103\u1e63urate o serie de ac\u021biuni \u1e63tiin\u021bifice cu scopul populariz\u0103rii concep\u021biilor de cercetare subscrise metodelor de economie experimental\u0103; \u00cen cadrul webinarului \u201cBehavioural Decision Making and Communication and Behavioural Tools\u201d au fost invita\u021bi s\u0103 conferen\u021bieze:<\/p>\n<ul>\n<li><strong>Angela SUTAN, PhD, HDR, <\/strong>Professor in Behavioural Economics, Head of LESSAC (Laboratory for Experimentation in Social Sciences and Behavioral Analysis), Decisions and Behavior Research Axis Coordinator,<\/li>\n<\/ul>\n<p>Co-Director of the MSc Data Science and Organizational Behavior, Burgundy School of Business, Universit\u00e9 Bourgogne Franche Comt\u00e9<\/p>\n<ul>\n<li><strong>Radu VR\u00c2NCEANU, PhD <\/strong><em>Professor of Economics; ESSEC Business School<\/em><\/li>\n<\/ul>\n<p><a href=\"https:\/\/ari.ase.ro\/?attachment_id=1718\" rel=\"attachment wp-att-1718\"><img loading=\"lazy\" decoding=\"async\" class=\"alignnone size-full wp-image-1718\" src=\"http:\/\/ari.ase.ro\/wp-content\/uploads\/2024\/06\/Picture4.png\" alt=\"\" width=\"249\" height=\"171\" \/><\/a><a href=\"https:\/\/ari.ase.ro\/?attachment_id=1719\" rel=\"attachment wp-att-1719\"><img loading=\"lazy\" decoding=\"async\" class=\"alignnone size-full wp-image-1719\" src=\"http:\/\/ari.ase.ro\/wp-content\/uploads\/2024\/06\/Picture5.png\" alt=\"\" width=\"249\" height=\"183\" \/><\/a><a href=\"https:\/\/ari.ase.ro\/?attachment_id=1720\" rel=\"attachment wp-att-1720\"><img loading=\"lazy\" decoding=\"async\" class=\"alignnone size-full wp-image-1720\" src=\"http:\/\/ari.ase.ro\/wp-content\/uploads\/2024\/06\/Picture6.png\" alt=\"\" width=\"249\" height=\"189\" \/><\/a><a href=\"https:\/\/ari.ase.ro\/?attachment_id=1721\" rel=\"attachment wp-att-1721\"><img loading=\"lazy\" decoding=\"async\" class=\"alignnone size-full wp-image-1721\" src=\"http:\/\/ari.ase.ro\/wp-content\/uploads\/2024\/06\/Picture7.png\" alt=\"\" width=\"249\" height=\"195\" \/><\/a><\/p>\n","protected":false},"excerpt":{"rendered":"<p>Workshop-ul cu tema ,, Design pentru Economie Circular\u0103,, \u00cen&#8230;<\/p>\n","protected":false},"author":5,"featured_media":0,"parent":0,"menu_order":0,"comment_status":"closed","ping_status":"closed","template":"","meta":{"footnotes":""},"class_list":["post-1707","page","type-page","status-publish","hentry"],"_links":{"self":[{"href":"http:\/\/ari.ase.ro\/index.php?rest_route=\/wp\/v2\/pages\/1707","targetHints":{"allow":["GET"]}}],"collection":[{"href":"http:\/\/ari.ase.ro\/index.php?rest_route=\/wp\/v2\/pages"}],"about":[{"href":"http:\/\/ari.ase.ro\/index.php?rest_route=\/wp\/v2\/types\/page"}],"author":[{"embeddable":true,"href":"http:\/\/ari.ase.ro\/index.php?rest_route=\/wp\/v2\/users\/5"}],"replies":[{"embeddable":true,"href":"http:\/\/ari.ase.ro\/index.php?rest_route=%2Fwp%2Fv2%2Fcomments&post=1707"}],"version-history":[{"count":0,"href":"http:\/\/ari.ase.ro\/index.php?rest_route=\/wp\/v2\/pages\/1707\/revisions"}],"wp:attachment":[{"href":"http:\/\/ari.ase.ro\/index.php?rest_route=%2Fwp%2Fv2%2Fmedia&parent=1707"}],"curies":[{"name":"wp","href":"https:\/\/api.w.org\/{rel}","templated":true}]}}